{"id":1792,"date":"2020-11-30T21:44:16","date_gmt":"2020-11-30T20:44:16","guid":{"rendered":"http:\/\/localhost\/tm\/?page_id=1792"},"modified":"2023-08-24T09:40:51","modified_gmt":"2023-08-24T07:40:51","slug":"tm-entrainements","status":"publish","type":"page","link":"https:\/\/trailetmacadam.fr\/WP\/tm-entrainements\/","title":{"rendered":"Entrainements"},"content":{"rendered":"\t\t<div data-elementor-type=\"wp-page\" data-elementor-id=\"1792\" class=\"elementor elementor-1792\">\n\t\t\t\t\t\t<section class=\"elementor-section elementor-top-section elementor-element elementor-element-3153514 elementor-section-boxed elementor-section-height-default elementor-section-height-default\" data-id=\"3153514\" data-element_type=\"section\">\n\t\t\t\t\t\t<div class=\"elementor-container elementor-column-gap-default\">\n\t\t\t\t\t<div class=\"elementor-column elementor-col-100 elementor-top-column elementor-element elementor-element-dc39a15\" data-id=\"dc39a15\" data-element_type=\"column\">\n\t\t\t<div class=\"elementor-widget-wrap elementor-element-populated\">\n\t\t\t\t\t\t<div class=\"elementor-element elementor-element-ffef1e1 elementor-widget elementor-widget-heading\" data-id=\"ffef1e1\" data-element_type=\"widget\" data-widget_type=\"heading.default\">\n\t\t\t\t<div class=\"elementor-widget-container\">\n\t\t\t<h2 class=\"elementor-heading-title elementor-size-default\">Les Entrainements<\/h2>\t\t<\/div>\n\t\t\t\t<\/div>\n\t\t\t\t\t<\/div>\n\t\t<\/div>\n\t\t\t\t\t<\/div>\n\t\t<\/section>\n\t\t\t\t<section class=\"elementor-section elementor-top-section elementor-element elementor-element-60a79d0 elementor-section-boxed elementor-section-height-default elementor-section-height-default\" data-id=\"60a79d0\" data-element_type=\"section\">\n\t\t\t\t\t\t<div class=\"elementor-container elementor-column-gap-default\">\n\t\t\t\t\t<div class=\"elementor-column elementor-col-33 elementor-top-column elementor-element elementor-element-95ffb3c\" data-id=\"95ffb3c\" data-element_type=\"column\">\n\t\t\t<div class=\"elementor-widget-wrap elementor-element-populated\">\n\t\t\t\t\t\t<div class=\"elementor-element elementor-element-bb442b7 elementor-widget elementor-widget-heading\" data-id=\"bb442b7\" data-element_type=\"widget\" data-widget_type=\"heading.default\">\n\t\t\t\t<div class=\"elementor-widget-container\">\n\t\t\t<h2 class=\"elementor-heading-title elementor-size-default\">Lundi \u00e0 18h30<\/h2>\t\t<\/div>\n\t\t\t\t<\/div>\n\t\t\t\t<div class=\"elementor-element elementor-element-969c7be elementor-widget elementor-widget-image\" data-id=\"969c7be\" data-element_type=\"widget\" data-widget_type=\"image.default\">\n\t\t\t\t<div class=\"elementor-widget-container\">\n\t\t\t\t\t\t\t\t\t\t\t\t\t<img fetchpriority=\"high\" decoding=\"async\" width=\"770\" height=\"590\" src=\"https:\/\/trailetmacadam.fr\/WP\/wp-content\/uploads\/2021\/02\/62515044_3065042620203012_206806197175582720_n.jpg\" class=\"attachment-large size-large wp-image-5607\" alt=\"\" srcset=\"https:\/\/trailetmacadam.fr\/WP\/wp-content\/uploads\/2021\/02\/62515044_3065042620203012_206806197175582720_n.jpg 770w, https:\/\/trailetmacadam.fr\/WP\/wp-content\/uploads\/2021\/02\/62515044_3065042620203012_206806197175582720_n-300x230.jpg 300w, https:\/\/trailetmacadam.fr\/WP\/wp-content\/uploads\/2021\/02\/62515044_3065042620203012_206806197175582720_n-768x588.jpg 768w\" sizes=\"(max-width: 770px) 100vw, 770px\" \/>\t\t\t\t\t\t\t\t\t\t\t\t\t<\/div>\n\t\t\t\t<\/div>\n\t\t\t\t<div class=\"elementor-element elementor-element-7ee0d98 elementor-widget elementor-widget-text-editor\" data-id=\"7ee0d98\" data-element_type=\"widget\" data-widget_type=\"text-editor.default\">\n\t\t\t\t<div class=\"elementor-widget-container\">\n\t\t\t\t\t\t\t<p>Groupe d\u00e9couverte avec coach Justine<\/p>\t\t\t\t\t\t<\/div>\n\t\t\t\t<\/div>\n\t\t\t\t\t<\/div>\n\t\t<\/div>\n\t\t\t\t<div class=\"elementor-column elementor-col-33 elementor-top-column elementor-element elementor-element-534b1f4\" data-id=\"534b1f4\" data-element_type=\"column\">\n\t\t\t<div class=\"elementor-widget-wrap elementor-element-populated\">\n\t\t\t\t\t\t<div class=\"elementor-element elementor-element-f621094 elementor-widget elementor-widget-heading\" data-id=\"f621094\" data-element_type=\"widget\" data-widget_type=\"heading.default\">\n\t\t\t\t<div class=\"elementor-widget-container\">\n\t\t\t<h2 class=\"elementor-heading-title elementor-size-default\">Mardi \u00e0 18h30<\/h2>\t\t<\/div>\n\t\t\t\t<\/div>\n\t\t\t\t<div class=\"elementor-element elementor-element-58a2308 elementor-widget elementor-widget-image\" data-id=\"58a2308\" data-element_type=\"widget\" data-widget_type=\"image.default\">\n\t\t\t\t<div class=\"elementor-widget-container\">\n\t\t\t\t\t\t\t\t\t\t\t\t\t<img decoding=\"async\" width=\"546\" height=\"801\" src=\"https:\/\/trailetmacadam.fr\/WP\/wp-content\/uploads\/2021\/02\/2019-06-08-16.47.54-Copie.jpg\" class=\"attachment-large size-large wp-image-5613\" alt=\"\" srcset=\"https:\/\/trailetmacadam.fr\/WP\/wp-content\/uploads\/2021\/02\/2019-06-08-16.47.54-Copie.jpg 546w, https:\/\/trailetmacadam.fr\/WP\/wp-content\/uploads\/2021\/02\/2019-06-08-16.47.54-Copie-204x300.jpg 204w\" sizes=\"(max-width: 546px) 100vw, 546px\" \/>\t\t\t\t\t\t\t\t\t\t\t\t\t<\/div>\n\t\t\t\t<\/div>\n\t\t\t\t<div class=\"elementor-element elementor-element-289c71f elementor-widget elementor-widget-text-editor\" data-id=\"289c71f\" data-element_type=\"widget\" data-widget_type=\"text-editor.default\">\n\t\t\t\t<div class=\"elementor-widget-container\">\n\t\t\t\t\t\t\t<p>Groupe confirm\u00e9 avec coach Antoine<\/p>\t\t\t\t\t\t<\/div>\n\t\t\t\t<\/div>\n\t\t\t\t\t<\/div>\n\t\t<\/div>\n\t\t\t\t<div class=\"elementor-column elementor-col-33 elementor-top-column elementor-element elementor-element-d4ce2e2\" data-id=\"d4ce2e2\" data-element_type=\"column\">\n\t\t\t<div class=\"elementor-widget-wrap elementor-element-populated\">\n\t\t\t\t\t\t<div class=\"elementor-element elementor-element-76c41ac elementor-widget elementor-widget-heading\" data-id=\"76c41ac\" data-element_type=\"widget\" data-widget_type=\"heading.default\">\n\t\t\t\t<div class=\"elementor-widget-container\">\n\t\t\t<h2 class=\"elementor-heading-title elementor-size-default\">Mercredi \u00e0 18h30<br>Renfo. musculaire<\/h2>\t\t<\/div>\n\t\t\t\t<\/div>\n\t\t\t\t<div class=\"elementor-element elementor-element-389e2bd elementor-widget elementor-widget-image\" data-id=\"389e2bd\" data-element_type=\"widget\" data-widget_type=\"image.default\">\n\t\t\t\t<div class=\"elementor-widget-container\">\n\t\t\t\t\t\t\t\t\t\t\t\t\t<img decoding=\"async\" width=\"1024\" height=\"631\" src=\"https:\/\/trailetmacadam.fr\/WP\/wp-content\/uploads\/2021\/07\/Renfo1-1-1024x631.jpg\" class=\"attachment-large size-large wp-image-7164\" alt=\"\" srcset=\"https:\/\/trailetmacadam.fr\/WP\/wp-content\/uploads\/2021\/07\/Renfo1-1-1024x631.jpg 1024w, https:\/\/trailetmacadam.fr\/WP\/wp-content\/uploads\/2021\/07\/Renfo1-1-300x185.jpg 300w, https:\/\/trailetmacadam.fr\/WP\/wp-content\/uploads\/2021\/07\/Renfo1-1-768x473.jpg 768w, https:\/\/trailetmacadam.fr\/WP\/wp-content\/uploads\/2021\/07\/Renfo1-1.jpg 1350w\" sizes=\"(max-width: 1024px) 100vw, 1024px\" \/>\t\t\t\t\t\t\t\t\t\t\t\t\t<\/div>\n\t\t\t\t<\/div>\n\t\t\t\t<div class=\"elementor-element elementor-element-bbea0f1 elementor-widget elementor-widget-text-editor\" data-id=\"bbea0f1\" data-element_type=\"widget\" data-widget_type=\"text-editor.default\">\n\t\t\t\t<div class=\"elementor-widget-container\">\n\t\t\t\t\t\t\t<p>Places limit\u00e9es,<\/p><p><span style=\"font-size: 20px;\">Pr\u00e9par\u00e9 et anim\u00e9 par Coaching by K<\/span><\/p><p><span style=\"font-size: 20px;\">(cotisation additionnelle) <br \/><\/span><\/p>\t\t\t\t\t\t<\/div>\n\t\t\t\t<\/div>\n\t\t\t\t\t<\/div>\n\t\t<\/div>\n\t\t\t\t\t<\/div>\n\t\t<\/section>\n\t\t\t\t<section class=\"elementor-section elementor-top-section elementor-element elementor-element-7d42151 elementor-section-height-min-height elementor-section-full_width elementor-section-height-default elementor-section-items-middle\" data-id=\"7d42151\" data-element_type=\"section\" data-settings=\"{&quot;background_background&quot;:&quot;gradient&quot;}\">\n\t\t\t\t\t\t<div class=\"elementor-container elementor-column-gap-default\">\n\t\t\t\t\t<div class=\"elementor-column elementor-col-25 elementor-top-column elementor-element elementor-element-6c0c897\" data-id=\"6c0c897\" data-element_type=\"column\" data-settings=\"{&quot;background_background&quot;:&quot;classic&quot;}\">\n\t\t\t<div class=\"elementor-widget-wrap elementor-element-populated\">\n\t\t\t\t\t\t<div class=\"elementor-element elementor-element-50bd23c elementor-widget elementor-widget-image\" data-id=\"50bd23c\" data-element_type=\"widget\" data-widget_type=\"image.default\">\n\t\t\t\t<div class=\"elementor-widget-container\">\n\t\t\t\t\t\t\t\t\t\t\t\t\t<img loading=\"lazy\" decoding=\"async\" width=\"508\" height=\"652\" src=\"https:\/\/trailetmacadam.fr\/WP\/wp-content\/uploads\/2021\/02\/2019-06-08-14.58.38.jpg\" class=\"attachment-large size-large wp-image-5603\" alt=\"\" srcset=\"https:\/\/trailetmacadam.fr\/WP\/wp-content\/uploads\/2021\/02\/2019-06-08-14.58.38.jpg 508w, https:\/\/trailetmacadam.fr\/WP\/wp-content\/uploads\/2021\/02\/2019-06-08-14.58.38-234x300.jpg 234w\" sizes=\"(max-width: 508px) 100vw, 508px\" \/>\t\t\t\t\t\t\t\t\t\t\t\t\t<\/div>\n\t\t\t\t<\/div>\n\t\t\t\t\t<\/div>\n\t\t<\/div>\n\t\t\t\t<div class=\"elementor-column elementor-col-25 elementor-top-column elementor-element elementor-element-615710e\" data-id=\"615710e\" data-element_type=\"column\">\n\t\t\t<div class=\"elementor-widget-wrap elementor-element-populated\">\n\t\t\t\t\t\t<div class=\"elementor-element elementor-element-cad349c elementor-widget elementor-widget-heading\" data-id=\"cad349c\" data-element_type=\"widget\" data-widget_type=\"heading.default\">\n\t\t\t\t<div class=\"elementor-widget-container\">\n\t\t\t<h2 class=\"elementor-heading-title elementor-size-default\">Jeudi \u00e0 18h30<\/h2>\t\t<\/div>\n\t\t\t\t<\/div>\n\t\t\t\t<div class=\"elementor-element elementor-element-52b705f elementor-widget elementor-widget-text-editor\" data-id=\"52b705f\" data-element_type=\"widget\" data-widget_type=\"text-editor.default\">\n\t\t\t\t<div class=\"elementor-widget-container\">\n\t\t\t\t\t\t\t<p>Groupe confirm\u00e9 &amp; groupe d\u00e9couverte.<\/p>\t\t\t\t\t\t<\/div>\n\t\t\t\t<\/div>\n\t\t\t\t\t<\/div>\n\t\t<\/div>\n\t\t\t\t<div class=\"elementor-column elementor-col-25 elementor-top-column elementor-element elementor-element-48fdac8\" data-id=\"48fdac8\" data-element_type=\"column\">\n\t\t\t<div class=\"elementor-widget-wrap elementor-element-populated\">\n\t\t\t\t\t\t<div class=\"elementor-element elementor-element-45eb3ef elementor-widget elementor-widget-image\" data-id=\"45eb3ef\" data-element_type=\"widget\" data-widget_type=\"image.default\">\n\t\t\t\t<div class=\"elementor-widget-container\">\n\t\t\t\t\t\t\t\t\t\t\t\t\t<img loading=\"lazy\" decoding=\"async\" width=\"1024\" height=\"768\" src=\"https:\/\/trailetmacadam.fr\/WP\/wp-content\/uploads\/2021\/02\/2019-06-15-12.41.08-Copie-1024x768.jpg\" class=\"attachment-large size-large wp-image-5610\" alt=\"\" srcset=\"https:\/\/trailetmacadam.fr\/WP\/wp-content\/uploads\/2021\/02\/2019-06-15-12.41.08-Copie-1024x768.jpg 1024w, https:\/\/trailetmacadam.fr\/WP\/wp-content\/uploads\/2021\/02\/2019-06-15-12.41.08-Copie-300x225.jpg 300w, https:\/\/trailetmacadam.fr\/WP\/wp-content\/uploads\/2021\/02\/2019-06-15-12.41.08-Copie-768x576.jpg 768w, https:\/\/trailetmacadam.fr\/WP\/wp-content\/uploads\/2021\/02\/2019-06-15-12.41.08-Copie-1536x1152.jpg 1536w, https:\/\/trailetmacadam.fr\/WP\/wp-content\/uploads\/2021\/02\/2019-06-15-12.41.08-Copie.jpg 1657w\" sizes=\"(max-width: 1024px) 100vw, 1024px\" \/>\t\t\t\t\t\t\t\t\t\t\t\t\t<\/div>\n\t\t\t\t<\/div>\n\t\t\t\t\t<\/div>\n\t\t<\/div>\n\t\t\t\t<div class=\"elementor-column elementor-col-25 elementor-top-column elementor-element elementor-element-f8f041a\" data-id=\"f8f041a\" data-element_type=\"column\">\n\t\t\t<div class=\"elementor-widget-wrap elementor-element-populated\">\n\t\t\t\t\t\t<div class=\"elementor-element elementor-element-9e5de62 elementor-widget elementor-widget-heading\" data-id=\"9e5de62\" data-element_type=\"widget\" data-widget_type=\"heading.default\">\n\t\t\t\t<div class=\"elementor-widget-container\">\n\t\t\t<h2 class=\"elementor-heading-title elementor-size-default\">Dimanche<\/h2>\t\t<\/div>\n\t\t\t\t<\/div>\n\t\t\t\t<div class=\"elementor-element elementor-element-e00edff elementor-widget elementor-widget-text-editor\" data-id=\"e00edff\" data-element_type=\"widget\" data-widget_type=\"text-editor.default\">\n\t\t\t\t<div class=\"elementor-widget-container\">\n\t\t\t\t\t\t\t<p>Des sorties sont propos\u00e9es en fonction des saisons et des objectifs. C\u2019est l\u2019occasion de d\u00e9couvrir d&#8217;autres terrains de jeux.<\/p>\t\t\t\t\t\t<\/div>\n\t\t\t\t<\/div>\n\t\t\t\t\t<\/div>\n\t\t<\/div>\n\t\t\t\t\t<\/div>\n\t\t<\/section>\n\t\t\t\t<section class=\"elementor-section elementor-top-section elementor-element elementor-element-bacf341 elementor-section-boxed elementor-section-height-default elementor-section-height-default\" data-id=\"bacf341\" data-element_type=\"section\">\n\t\t\t\t\t\t<div class=\"elementor-container elementor-column-gap-default\">\n\t\t\t\t\t<div class=\"elementor-column elementor-col-100 elementor-top-column elementor-element elementor-element-86b2053\" data-id=\"86b2053\" data-element_type=\"column\">\n\t\t\t<div class=\"elementor-widget-wrap elementor-element-populated\">\n\t\t\t\t\t\t<div class=\"elementor-element elementor-element-da2d4c2 elementor-widget elementor-widget-text-editor\" data-id=\"da2d4c2\" data-element_type=\"widget\" data-widget_type=\"text-editor.default\">\n\t\t\t\t<div class=\"elementor-widget-container\">\n\t\t\t\t\t\t\t<p>Pour le lundi, mardi et jeudi, d\u00e9part de la maison des associations, 1 rue du Bac \u00e0 Bellignat.<\/p>\t\t\t\t\t\t<\/div>\n\t\t\t\t<\/div>\n\t\t\t\t\t<\/div>\n\t\t<\/div>\n\t\t\t\t\t<\/div>\n\t\t<\/section>\n\t\t\t\t<\/div>\n\t\t","protected":false},"excerpt":{"rendered":"<p>Les Entrainements Lundi \u00e0 18h30 Groupe d\u00e9couverte avec coach Justine Mardi \u00e0 18h30 Groupe confirm\u00e9 avec coach Antoine Mercredi \u00e0 18h30Renfo. musculaire Places limit\u00e9es, Pr\u00e9par\u00e9 et anim\u00e9 par Coaching by K (cotisation additionnelle) Jeudi \u00e0 18h30 Groupe confirm\u00e9 &amp; groupe d\u00e9couverte. Dimanche Des sorties sont propos\u00e9es en fonction des saisons et des objectifs. C\u2019est l\u2019occasion [&hellip;]<\/p>\n","protected":false},"author":9,"featured_media":0,"parent":0,"menu_order":0,"comment_status":"closed","ping_status":"closed","template":"","meta":{"ocean_post_layout":"","ocean_both_sidebars_style":"","ocean_both_sidebars_content_width":0,"ocean_both_sidebars_sidebars_width":0,"ocean_sidebar":"0","ocean_second_sidebar":"0","ocean_disable_margins":"enable","ocean_add_body_class":"","ocean_shortcode_before_top_bar":"","ocean_shortcode_after_top_bar":"","ocean_shortcode_before_header":"","ocean_shortcode_after_header":"","ocean_has_shortcode":"","ocean_shortcode_after_title":"","ocean_shortcode_before_footer_widgets":"","ocean_shortcode_after_footer_widgets":"","ocean_shortcode_before_footer_bottom":"","ocean_shortcode_after_footer_bottom":"","ocean_display_top_bar":"default","ocean_display_header":"default","ocean_header_style":"","ocean_center_header_left_menu":"0","ocean_custom_header_template":"0","ocean_custom_logo":0,"ocean_custom_retina_logo":0,"ocean_custom_logo_max_width":0,"ocean_custom_logo_tablet_max_width":0,"ocean_custom_logo_mobile_max_width":0,"ocean_custom_logo_max_height":0,"ocean_custom_logo_tablet_max_height":0,"ocean_custom_logo_mobile_max_height":0,"ocean_header_custom_menu":"0","ocean_menu_typo_font_family":"0","ocean_menu_typo_font_subset":"","ocean_menu_typo_font_size":0,"ocean_menu_typo_font_size_tablet":0,"ocean_menu_typo_font_size_mobile":0,"ocean_menu_typo_font_size_unit":"px","ocean_menu_typo_font_weight":"","ocean_menu_typo_font_weight_tablet":"","ocean_menu_typo_font_weight_mobile":"","ocean_menu_typo_transform":"","ocean_menu_typo_transform_tablet":"","ocean_menu_typo_transform_mobile":"","ocean_menu_typo_line_height":0,"ocean_menu_typo_line_height_tablet":0,"ocean_menu_typo_line_height_mobile":0,"ocean_menu_typo_line_height_unit":"","ocean_menu_typo_spacing":0,"ocean_menu_typo_spacing_tablet":0,"ocean_menu_typo_spacing_mobile":0,"ocean_menu_typo_spacing_unit":"","ocean_menu_link_color":"","ocean_menu_link_color_hover":"","ocean_menu_link_color_active":"","ocean_menu_link_background":"","ocean_menu_link_hover_background":"","ocean_menu_link_active_background":"","ocean_menu_social_links_bg":"","ocean_menu_social_hover_links_bg":"","ocean_menu_social_links_color":"","ocean_menu_social_hover_links_color":"","ocean_disable_title":"default","ocean_disable_heading":"default","ocean_post_title":"","ocean_post_subheading":"","ocean_post_title_style":"","ocean_post_title_background_color":"","ocean_post_title_background":0,"ocean_post_title_bg_image_position":"","ocean_post_title_bg_image_attachment":"","ocean_post_title_bg_image_repeat":"","ocean_post_title_bg_image_size":"","ocean_post_title_height":0,"ocean_post_title_bg_overlay":0.5,"ocean_post_title_bg_overlay_color":"","ocean_disable_breadcrumbs":"default","ocean_breadcrumbs_color":"","ocean_breadcrumbs_separator_color":"","ocean_breadcrumbs_links_color":"","ocean_breadcrumbs_links_hover_color":"","ocean_display_footer_widgets":"default","ocean_display_footer_bottom":"default","ocean_custom_footer_template":"0","footnotes":""},"class_list":["post-1792","page","type-page","status-publish","hentry","entry"],"yoast_head":"<!-- This site is optimized with the Yoast SEO plugin v24.6 - https:\/\/yoast.com\/wordpress\/plugins\/seo\/ -->\n<title>Entrainements - Trail &amp; MACADAM<\/title>\n<meta name=\"robots\" content=\"index, follow, max-snippet:-1, max-image-preview:large, max-video-preview:-1\" \/>\n<link rel=\"canonical\" href=\"https:\/\/trailetmacadam.fr\/WP\/tm-entrainements\/\" \/>\n<meta property=\"og:locale\" content=\"fr_FR\" \/>\n<meta property=\"og:type\" content=\"article\" \/>\n<meta property=\"og:title\" content=\"Entrainements - Trail &amp; MACADAM\" \/>\n<meta property=\"og:description\" content=\"Les Entrainements Lundi \u00e0 18h30 Groupe d\u00e9couverte avec coach Justine Mardi \u00e0 18h30 Groupe confirm\u00e9 avec coach Antoine Mercredi \u00e0 18h30Renfo. musculaire Places limit\u00e9es, Pr\u00e9par\u00e9 et anim\u00e9 par Coaching by K (cotisation additionnelle) Jeudi \u00e0 18h30 Groupe confirm\u00e9 &amp; groupe d\u00e9couverte. Dimanche Des sorties sont propos\u00e9es en fonction des saisons et des objectifs. C\u2019est l\u2019occasion [&hellip;]\" \/>\n<meta property=\"og:url\" content=\"https:\/\/trailetmacadam.fr\/WP\/tm-entrainements\/\" \/>\n<meta property=\"og:site_name\" content=\"Trail &amp; MACADAM\" \/>\n<meta property=\"article:publisher\" content=\"https:\/\/www.facebook.com\/Trailetmacadam\" \/>\n<meta property=\"article:modified_time\" content=\"2023-08-24T07:40:51+00:00\" \/>\n<meta property=\"og:image\" content=\"https:\/\/trailetmacadam.fr\/WP\/wp-content\/uploads\/2021\/02\/62515044_3065042620203012_206806197175582720_n.jpg\" \/>\n<meta name=\"twitter:card\" content=\"summary_large_image\" \/>\n<meta name=\"twitter:label1\" content=\"Dur\u00e9e de lecture estim\u00e9e\" \/>\n\t<meta name=\"twitter:data1\" content=\"2 minutes\" \/>\n<script type=\"application\/ld+json\" class=\"yoast-schema-graph\">{\"@context\":\"https:\/\/schema.org\",\"@graph\":[{\"@type\":\"WebPage\",\"@id\":\"https:\/\/trailetmacadam.fr\/WP\/tm-entrainements\/\",\"url\":\"https:\/\/trailetmacadam.fr\/WP\/tm-entrainements\/\",\"name\":\"Entrainements - Trail &amp; MACADAM\",\"isPartOf\":{\"@id\":\"https:\/\/trailetmacadam.fr\/WP\/#website\"},\"primaryImageOfPage\":{\"@id\":\"https:\/\/trailetmacadam.fr\/WP\/tm-entrainements\/#primaryimage\"},\"image\":{\"@id\":\"https:\/\/trailetmacadam.fr\/WP\/tm-entrainements\/#primaryimage\"},\"thumbnailUrl\":\"https:\/\/trailetmacadam.fr\/WP\/wp-content\/uploads\/2021\/02\/62515044_3065042620203012_206806197175582720_n.jpg\",\"datePublished\":\"2020-11-30T20:44:16+00:00\",\"dateModified\":\"2023-08-24T07:40:51+00:00\",\"breadcrumb\":{\"@id\":\"https:\/\/trailetmacadam.fr\/WP\/tm-entrainements\/#breadcrumb\"},\"inLanguage\":\"fr-FR\",\"potentialAction\":[{\"@type\":\"ReadAction\",\"target\":[\"https:\/\/trailetmacadam.fr\/WP\/tm-entrainements\/\"]}]},{\"@type\":\"ImageObject\",\"inLanguage\":\"fr-FR\",\"@id\":\"https:\/\/trailetmacadam.fr\/WP\/tm-entrainements\/#primaryimage\",\"url\":\"https:\/\/trailetmacadam.fr\/WP\/wp-content\/uploads\/2021\/02\/62515044_3065042620203012_206806197175582720_n.jpg\",\"contentUrl\":\"https:\/\/trailetmacadam.fr\/WP\/wp-content\/uploads\/2021\/02\/62515044_3065042620203012_206806197175582720_n.jpg\",\"width\":770,\"height\":590},{\"@type\":\"BreadcrumbList\",\"@id\":\"https:\/\/trailetmacadam.fr\/WP\/tm-entrainements\/#breadcrumb\",\"itemListElement\":[{\"@type\":\"ListItem\",\"position\":1,\"name\":\"Accueil\",\"item\":\"https:\/\/trailetmacadam.fr\/WP\/\"},{\"@type\":\"ListItem\",\"position\":2,\"name\":\"Entrainements\"}]},{\"@type\":\"WebSite\",\"@id\":\"https:\/\/trailetmacadam.fr\/WP\/#website\",\"url\":\"https:\/\/trailetmacadam.fr\/WP\/\",\"name\":\"Trail et MACADAM\",\"description\":\"La seule mauvaise course, c&#039;est celle que tu ne fais pas !\",\"publisher\":{\"@id\":\"https:\/\/trailetmacadam.fr\/WP\/#organization\"},\"potentialAction\":[{\"@type\":\"SearchAction\",\"target\":{\"@type\":\"EntryPoint\",\"urlTemplate\":\"https:\/\/trailetmacadam.fr\/WP\/?s={search_term_string}\"},\"query-input\":{\"@type\":\"PropertyValueSpecification\",\"valueRequired\":true,\"valueName\":\"search_term_string\"}}],\"inLanguage\":\"fr-FR\"},{\"@type\":\"Organization\",\"@id\":\"https:\/\/trailetmacadam.fr\/WP\/#organization\",\"name\":\"Trail & MACADAM\",\"url\":\"https:\/\/trailetmacadam.fr\/WP\/\",\"logo\":{\"@type\":\"ImageObject\",\"inLanguage\":\"fr-FR\",\"@id\":\"https:\/\/trailetmacadam.fr\/WP\/#\/schema\/logo\/image\/\",\"url\":\"https:\/\/trailetmacadam.fr\/WP\/wp-content\/uploads\/2020\/12\/cropped-telechargement-1.jpg\",\"contentUrl\":\"https:\/\/trailetmacadam.fr\/WP\/wp-content\/uploads\/2020\/12\/cropped-telechargement-1.jpg\",\"width\":225,\"height\":225,\"caption\":\"Trail & MACADAM\"},\"image\":{\"@id\":\"https:\/\/trailetmacadam.fr\/WP\/#\/schema\/logo\/image\/\"},\"sameAs\":[\"https:\/\/www.facebook.com\/Trailetmacadam\"]}]}<\/script>\n<!-- \/ Yoast SEO plugin. -->","yoast_head_json":{"title":"Entrainements - Trail &amp; MACADAM","robots":{"index":"index","follow":"follow","max-snippet":"max-snippet:-1","max-image-preview":"max-image-preview:large","max-video-preview":"max-video-preview:-1"},"canonical":"https:\/\/trailetmacadam.fr\/WP\/tm-entrainements\/","og_locale":"fr_FR","og_type":"article","og_title":"Entrainements - Trail &amp; MACADAM","og_description":"Les Entrainements Lundi \u00e0 18h30 Groupe d\u00e9couverte avec coach Justine Mardi \u00e0 18h30 Groupe confirm\u00e9 avec coach Antoine Mercredi \u00e0 18h30Renfo. musculaire Places limit\u00e9es, Pr\u00e9par\u00e9 et anim\u00e9 par Coaching by K (cotisation additionnelle) Jeudi \u00e0 18h30 Groupe confirm\u00e9 &amp; groupe d\u00e9couverte. Dimanche Des sorties sont propos\u00e9es en fonction des saisons et des objectifs. C\u2019est l\u2019occasion [&hellip;]","og_url":"https:\/\/trailetmacadam.fr\/WP\/tm-entrainements\/","og_site_name":"Trail &amp; MACADAM","article_publisher":"https:\/\/www.facebook.com\/Trailetmacadam","article_modified_time":"2023-08-24T07:40:51+00:00","og_image":[{"url":"https:\/\/trailetmacadam.fr\/WP\/wp-content\/uploads\/2021\/02\/62515044_3065042620203012_206806197175582720_n.jpg","type":"","width":"","height":""}],"twitter_card":"summary_large_image","twitter_misc":{"Dur\u00e9e de lecture estim\u00e9e":"2 minutes"},"schema":{"@context":"https:\/\/schema.org","@graph":[{"@type":"WebPage","@id":"https:\/\/trailetmacadam.fr\/WP\/tm-entrainements\/","url":"https:\/\/trailetmacadam.fr\/WP\/tm-entrainements\/","name":"Entrainements - Trail &amp; MACADAM","isPartOf":{"@id":"https:\/\/trailetmacadam.fr\/WP\/#website"},"primaryImageOfPage":{"@id":"https:\/\/trailetmacadam.fr\/WP\/tm-entrainements\/#primaryimage"},"image":{"@id":"https:\/\/trailetmacadam.fr\/WP\/tm-entrainements\/#primaryimage"},"thumbnailUrl":"https:\/\/trailetmacadam.fr\/WP\/wp-content\/uploads\/2021\/02\/62515044_3065042620203012_206806197175582720_n.jpg","datePublished":"2020-11-30T20:44:16+00:00","dateModified":"2023-08-24T07:40:51+00:00","breadcrumb":{"@id":"https:\/\/trailetmacadam.fr\/WP\/tm-entrainements\/#breadcrumb"},"inLanguage":"fr-FR","potentialAction":[{"@type":"ReadAction","target":["https:\/\/trailetmacadam.fr\/WP\/tm-entrainements\/"]}]},{"@type":"ImageObject","inLanguage":"fr-FR","@id":"https:\/\/trailetmacadam.fr\/WP\/tm-entrainements\/#primaryimage","url":"https:\/\/trailetmacadam.fr\/WP\/wp-content\/uploads\/2021\/02\/62515044_3065042620203012_206806197175582720_n.jpg","contentUrl":"https:\/\/trailetmacadam.fr\/WP\/wp-content\/uploads\/2021\/02\/62515044_3065042620203012_206806197175582720_n.jpg","width":770,"height":590},{"@type":"BreadcrumbList","@id":"https:\/\/trailetmacadam.fr\/WP\/tm-entrainements\/#breadcrumb","itemListElement":[{"@type":"ListItem","position":1,"name":"Accueil","item":"https:\/\/trailetmacadam.fr\/WP\/"},{"@type":"ListItem","position":2,"name":"Entrainements"}]},{"@type":"WebSite","@id":"https:\/\/trailetmacadam.fr\/WP\/#website","url":"https:\/\/trailetmacadam.fr\/WP\/","name":"Trail et MACADAM","description":"La seule mauvaise course, c&#039;est celle que tu ne fais pas !","publisher":{"@id":"https:\/\/trailetmacadam.fr\/WP\/#organization"},"potentialAction":[{"@type":"SearchAction","target":{"@type":"EntryPoint","urlTemplate":"https:\/\/trailetmacadam.fr\/WP\/?s={search_term_string}"},"query-input":{"@type":"PropertyValueSpecification","valueRequired":true,"valueName":"search_term_string"}}],"inLanguage":"fr-FR"},{"@type":"Organization","@id":"https:\/\/trailetmacadam.fr\/WP\/#organization","name":"Trail & MACADAM","url":"https:\/\/trailetmacadam.fr\/WP\/","logo":{"@type":"ImageObject","inLanguage":"fr-FR","@id":"https:\/\/trailetmacadam.fr\/WP\/#\/schema\/logo\/image\/","url":"https:\/\/trailetmacadam.fr\/WP\/wp-content\/uploads\/2020\/12\/cropped-telechargement-1.jpg","contentUrl":"https:\/\/trailetmacadam.fr\/WP\/wp-content\/uploads\/2020\/12\/cropped-telechargement-1.jpg","width":225,"height":225,"caption":"Trail & MACADAM"},"image":{"@id":"https:\/\/trailetmacadam.fr\/WP\/#\/schema\/logo\/image\/"},"sameAs":["https:\/\/www.facebook.com\/Trailetmacadam"]}]}},"_links":{"self":[{"href":"https:\/\/trailetmacadam.fr\/WP\/wp-json\/wp\/v2\/pages\/1792","targetHints":{"allow":["GET"]}}],"collection":[{"href":"https:\/\/trailetmacadam.fr\/WP\/wp-json\/wp\/v2\/pages"}],"about":[{"href":"https:\/\/trailetmacadam.fr\/WP\/wp-json\/wp\/v2\/types\/page"}],"author":[{"embeddable":true,"href":"https:\/\/trailetmacadam.fr\/WP\/wp-json\/wp\/v2\/users\/9"}],"replies":[{"embeddable":true,"href":"https:\/\/trailetmacadam.fr\/WP\/wp-json\/wp\/v2\/comments?post=1792"}],"version-history":[{"count":9,"href":"https:\/\/trailetmacadam.fr\/WP\/wp-json\/wp\/v2\/pages\/1792\/revisions"}],"predecessor-version":[{"id":9313,"href":"https:\/\/trailetmacadam.fr\/WP\/wp-json\/wp\/v2\/pages\/1792\/revisions\/9313"}],"wp:attachment":[{"href":"https:\/\/trailetmacadam.fr\/WP\/wp-json\/wp\/v2\/media?parent=1792"}],"curies":[{"name":"wp","href":"https:\/\/api.w.org\/{rel}","templated":true}]}}