{"id":3224,"date":"2021-01-03T17:22:04","date_gmt":"2021-01-03T16:22:04","guid":{"rendered":"http:\/\/trailetmacadam.fr\/WP\/?page_id=3224"},"modified":"2024-02-04T21:44:07","modified_gmt":"2024-02-04T20:44:07","slug":"accueil-4","status":"publish","type":"page","link":"https:\/\/trailetmacadam.fr\/WP\/","title":{"rendered":"Accueil"},"content":{"rendered":"\t\t<div data-elementor-type=\"wp-page\" data-elementor-id=\"3224\" class=\"elementor elementor-3224\">\n\t\t\t\t\t\t<section class=\"elementor-section elementor-top-section elementor-element elementor-element-bccf772 elementor-section-full_width elementor-section-stretched elementor-section-height-default elementor-section-height-default\" data-id=\"bccf772\" data-element_type=\"section\" data-settings=\"{&quot;stretch_section&quot;:&quot;section-stretched&quot;}\">\n\t\t\t\t\t\t<div class=\"elementor-container elementor-column-gap-default\">\n\t\t\t\t\t<div class=\"elementor-column elementor-col-33 elementor-top-column elementor-element elementor-element-d0485b2\" data-id=\"d0485b2\" data-element_type=\"column\" data-settings=\"{&quot;background_background&quot;:&quot;classic&quot;}\">\n\t\t\t<div class=\"elementor-widget-wrap elementor-element-populated\">\n\t\t\t\t\t\t<div class=\"elementor-element elementor-element-eb6eb35 elementor-widget elementor-widget-heading\" data-id=\"eb6eb35\" data-element_type=\"widget\" data-widget_type=\"heading.default\">\n\t\t\t\t<div class=\"elementor-widget-container\">\n\t\t\t<h2 class=\"elementor-heading-title elementor-size-default\">Quelques-uns de nos terrains de jeu<\/h2>\t\t<\/div>\n\t\t\t\t<\/div>\n\t\t\t\t<div class=\"elementor-element elementor-element-75ad6d1 elementor-widget elementor-widget-image\" data-id=\"75ad6d1\" data-element_type=\"widget\" data-widget_type=\"image.default\">\n\t\t\t\t<div class=\"elementor-widget-container\">\n\t\t\t\t\t\t\t\t\t\t\t\t\t<img fetchpriority=\"high\" decoding=\"async\" width=\"769\" height=\"779\" src=\"https:\/\/trailetmacadam.fr\/WP\/wp-content\/uploads\/2024\/02\/2024-02-Affiche-terrain-jeu.jpg\" class=\"attachment-full size-full wp-image-9727\" alt=\"\" srcset=\"https:\/\/trailetmacadam.fr\/WP\/wp-content\/uploads\/2024\/02\/2024-02-Affiche-terrain-jeu.jpg 769w, https:\/\/trailetmacadam.fr\/WP\/wp-content\/uploads\/2024\/02\/2024-02-Affiche-terrain-jeu-296x300.jpg 296w\" sizes=\"(max-width: 769px) 100vw, 769px\" \/>\t\t\t\t\t\t\t\t\t\t\t\t\t<\/div>\n\t\t\t\t<\/div>\n\t\t\t\t\t<\/div>\n\t\t<\/div>\n\t\t\t\t<div class=\"elementor-column elementor-col-33 elementor-top-column elementor-element elementor-element-376d18b\" data-id=\"376d18b\" data-element_type=\"column\">\n\t\t\t<div class=\"elementor-widget-wrap elementor-element-populated\">\n\t\t\t\t\t\t<div class=\"elementor-element elementor-element-71a31b1 elementor-widget elementor-widget-heading\" data-id=\"71a31b1\" data-element_type=\"widget\" data-widget_type=\"heading.default\">\n\t\t\t\t<div class=\"elementor-widget-container\">\n\t\t\t<h2 class=\"elementor-heading-title elementor-size-default\">Trail &amp; MACADAM<\/h2>\t\t<\/div>\n\t\t\t\t<\/div>\n\t\t\t\t<div class=\"elementor-element elementor-element-3956dd2 elementor-widget elementor-widget-heading\" data-id=\"3956dd2\" data-element_type=\"widget\" data-widget_type=\"heading.default\">\n\t\t\t\t<div class=\"elementor-widget-container\">\n\t\t\t<h6 class=\"elementor-heading-title elementor-size-default\">Vous courez seul, vous aimeriez b\u00e9n\u00e9ficier de conseils et trouver des compagnons d\u2019entra\u00eenement. Partage, convivialit\u00e9 et bonne humeur sont l'esprit de notre club. Alors, pourquoi ne pas int\u00e9grer Trail & MACADAM\u2009?<\/h6>\t\t<\/div>\n\t\t\t\t<\/div>\n\t\t\t\t<div class=\"elementor-element elementor-element-66d5a5c animated-slow elementor-widget elementor-widget-heading\" data-id=\"66d5a5c\" data-element_type=\"widget\" data-settings=\"{&quot;_animation&quot;:&quot;none&quot;}\" data-widget_type=\"heading.default\">\n\t\t\t\t<div class=\"elementor-widget-container\">\n\t\t\t<h2 class=\"elementor-heading-title elementor-size-xl\">Pourquoi nous rejoindre ?<\/h2>\t\t<\/div>\n\t\t\t\t<\/div>\n\t\t\t\t<div class=\"elementor-element elementor-element-fe08946 elementor-widget elementor-widget-heading\" data-id=\"fe08946\" data-element_type=\"widget\" data-widget_type=\"heading.default\">\n\t\t\t\t<div class=\"elementor-widget-container\">\n\t\t\t<h6 class=\"elementor-heading-title elementor-size-default\">Quel que soit votre \u00e2ge ou votre niveau, les entrainements sont adapt\u00e9s. La convivialit\u00e9 et l'\u00e9mulation du groupe vous permettront de commencer ou de reprendre la course \u00e0 pied ou pour les plus exp\u00e9riment\u00e9s de continuer \u00e0 progresser. On progresse \u00e0 tout \u00e2ge et davantage avec Trail & MACADAM.<\/h6>\t\t<\/div>\n\t\t\t\t<\/div>\n\t\t\t\t<div class=\"elementor-element elementor-element-9b22d25 elementor-widget elementor-widget-image\" data-id=\"9b22d25\" data-element_type=\"widget\" data-widget_type=\"image.default\">\n\t\t\t\t<div class=\"elementor-widget-container\">\n\t\t\t\t\t\t\t\t\t\t\t\t\t<img decoding=\"async\" width=\"1024\" height=\"726\" src=\"https:\/\/trailetmacadam.fr\/WP\/wp-content\/uploads\/2022\/08\/Cret-de-chalam-Sponsor-2022-1024x726.jpg\" class=\"attachment-large size-large wp-image-8602\" alt=\"\" srcset=\"https:\/\/trailetmacadam.fr\/WP\/wp-content\/uploads\/2022\/08\/Cret-de-chalam-Sponsor-2022-1024x726.jpg 1024w, https:\/\/trailetmacadam.fr\/WP\/wp-content\/uploads\/2022\/08\/Cret-de-chalam-Sponsor-2022-300x213.jpg 300w, https:\/\/trailetmacadam.fr\/WP\/wp-content\/uploads\/2022\/08\/Cret-de-chalam-Sponsor-2022-768x545.jpg 768w, https:\/\/trailetmacadam.fr\/WP\/wp-content\/uploads\/2022\/08\/Cret-de-chalam-Sponsor-2022-1536x1089.jpg 1536w, https:\/\/trailetmacadam.fr\/WP\/wp-content\/uploads\/2022\/08\/Cret-de-chalam-Sponsor-2022.jpg 2048w\" sizes=\"(max-width: 1024px) 100vw, 1024px\" \/>\t\t\t\t\t\t\t\t\t\t\t\t\t<\/div>\n\t\t\t\t<\/div>\n\t\t\t\t\t<\/div>\n\t\t<\/div>\n\t\t\t\t<div class=\"elementor-column elementor-col-33 elementor-top-column elementor-element elementor-element-1349dfe\" data-id=\"1349dfe\" data-element_type=\"column\">\n\t\t\t<div class=\"elementor-widget-wrap elementor-element-populated\">\n\t\t\t\t\t\t<div class=\"elementor-element elementor-element-d9ca11f elementor-widget__width-initial elementor-widget elementor-widget-shortcode\" data-id=\"d9ca11f\" data-element_type=\"widget\" data-widget_type=\"shortcode.default\">\n\t\t\t\t<div class=\"elementor-widget-container\">\n\t\t\t\t\t<div class=\"elementor-shortcode\"><iframe src=\"https:\/\/www.facebook.com\/plugins\/page.php?href=https%3A%2F%2Fwww.facebook.com%2FTrailetmacadam&tabs=timeline&width=800&height=1500&small_header=false&adapt_container_width=true&hide_cover=false&show_facepile=false&appId\" width=\"750\" height=\"1150\" style=\"border:none;overflow:hidden\" scrolling=\"no\" frameborder=\"0\" allowfullscreen=\"true\" allow=\"autoplay; clipboard-write; encrypted-media; picture-in-picture; web-share\"><\/iframe><\/div>\n\t\t\t\t<\/div>\n\t\t\t\t<\/div>\n\t\t\t\t\t<\/div>\n\t\t<\/div>\n\t\t\t\t\t<\/div>\n\t\t<\/section>\n\t\t\t\t<\/div>\n\t\t","protected":false},"excerpt":{"rendered":"<p>Quelques-uns de nos terrains de jeu Trail &amp; MACADAM Vous courez seul, vous aimeriez b\u00e9n\u00e9ficier de conseils et trouver des compagnons d\u2019entra\u00eenement. Partage, convivialit\u00e9 et bonne humeur sont l&#8217;esprit de notre club. Alors, pourquoi ne pas int\u00e9grer Trail &#038; MACADAM\u2009? Pourquoi nous rejoindre ? Quel que soit votre \u00e2ge ou votre niveau, les entrainements sont [&hellip;]<\/p>\n","protected":false},"author":9,"featured_media":0,"parent":0,"menu_order":0,"comment_status":"closed","ping_status":"closed","template":"","meta":{"ocean_post_layout":"","ocean_both_sidebars_style":"","ocean_both_sidebars_content_width":0,"ocean_both_sidebars_sidebars_width":0,"ocean_sidebar":"0","ocean_second_sidebar":"0","ocean_disable_margins":"enable","ocean_add_body_class":"","ocean_shortcode_before_top_bar":"","ocean_shortcode_after_top_bar":"","ocean_shortcode_before_header":"","ocean_shortcode_after_header":"","ocean_has_shortcode":"","ocean_shortcode_after_title":"","ocean_shortcode_before_footer_widgets":"","ocean_shortcode_after_footer_widgets":"","ocean_shortcode_before_footer_bottom":"","ocean_shortcode_after_footer_bottom":"","ocean_display_top_bar":"default","ocean_display_header":"default","ocean_header_style":"","ocean_center_header_left_menu":"0","ocean_custom_header_template":"0","ocean_custom_logo":0,"ocean_custom_retina_logo":0,"ocean_custom_logo_max_width":0,"ocean_custom_logo_tablet_max_width":0,"ocean_custom_logo_mobile_max_width":0,"ocean_custom_logo_max_height":0,"ocean_custom_logo_tablet_max_height":0,"ocean_custom_logo_mobile_max_height":0,"ocean_header_custom_menu":"0","ocean_menu_typo_font_family":"0","ocean_menu_typo_font_subset":"","ocean_menu_typo_font_size":0,"ocean_menu_typo_font_size_tablet":0,"ocean_menu_typo_font_size_mobile":0,"ocean_menu_typo_font_size_unit":"px","ocean_menu_typo_font_weight":"","ocean_menu_typo_font_weight_tablet":"","ocean_menu_typo_font_weight_mobile":"","ocean_menu_typo_transform":"","ocean_menu_typo_transform_tablet":"","ocean_menu_typo_transform_mobile":"","ocean_menu_typo_line_height":0,"ocean_menu_typo_line_height_tablet":0,"ocean_menu_typo_line_height_mobile":0,"ocean_menu_typo_line_height_unit":"","ocean_menu_typo_spacing":0,"ocean_menu_typo_spacing_tablet":0,"ocean_menu_typo_spacing_mobile":0,"ocean_menu_typo_spacing_unit":"","ocean_menu_link_color":"","ocean_menu_link_color_hover":"","ocean_menu_link_color_active":"","ocean_menu_link_background":"","ocean_menu_link_hover_background":"","ocean_menu_link_active_background":"","ocean_menu_social_links_bg":"","ocean_menu_social_hover_links_bg":"","ocean_menu_social_links_color":"","ocean_menu_social_hover_links_color":"","ocean_disable_title":"default","ocean_disable_heading":"default","ocean_post_title":"","ocean_post_subheading":"","ocean_post_title_style":"","ocean_post_title_background_color":"","ocean_post_title_background":0,"ocean_post_title_bg_image_position":"","ocean_post_title_bg_image_attachment":"","ocean_post_title_bg_image_repeat":"","ocean_post_title_bg_image_size":"","ocean_post_title_height":0,"ocean_post_title_bg_overlay":0.5,"ocean_post_title_bg_overlay_color":"","ocean_disable_breadcrumbs":"default","ocean_breadcrumbs_color":"","ocean_breadcrumbs_separator_color":"","ocean_breadcrumbs_links_color":"","ocean_breadcrumbs_links_hover_color":"","ocean_display_footer_widgets":"default","ocean_display_footer_bottom":"default","ocean_custom_footer_template":"0","footnotes":""},"class_list":["post-3224","page","type-page","status-publish","hentry","entry"],"yoast_head":"<!-- This site is optimized with the Yoast SEO plugin v24.6 - https:\/\/yoast.com\/wordpress\/plugins\/seo\/ -->\n<title>Accueil - Trail &amp; MACADAM<\/title>\n<meta name=\"robots\" content=\"index, follow, max-snippet:-1, max-image-preview:large, max-video-preview:-1\" \/>\n<link rel=\"canonical\" href=\"https:\/\/trailetmacadam.fr\/WP\/\" \/>\n<meta property=\"og:locale\" content=\"fr_FR\" \/>\n<meta property=\"og:type\" content=\"article\" \/>\n<meta property=\"og:title\" content=\"Accueil - Trail &amp; MACADAM\" \/>\n<meta property=\"og:description\" content=\"Quelques-uns de nos terrains de jeu Trail &amp; MACADAM Vous courez seul, vous aimeriez b\u00e9n\u00e9ficier de conseils et trouver des compagnons d\u2019entra\u00eenement. Partage, convivialit\u00e9 et bonne humeur sont l&#8217;esprit de notre club. Alors, pourquoi ne pas int\u00e9grer Trail &#038; MACADAM\u2009? Pourquoi nous rejoindre ? Quel que soit votre \u00e2ge ou votre niveau, les entrainements sont [&hellip;]\" \/>\n<meta property=\"og:url\" content=\"https:\/\/trailetmacadam.fr\/WP\/\" \/>\n<meta property=\"og:site_name\" content=\"Trail &amp; MACADAM\" \/>\n<meta property=\"article:publisher\" content=\"https:\/\/www.facebook.com\/Trailetmacadam\" \/>\n<meta property=\"article:modified_time\" content=\"2024-02-04T20:44:07+00:00\" \/>\n<meta property=\"og:image\" content=\"https:\/\/trailetmacadam.fr\/WP\/wp-content\/uploads\/2024\/02\/2024-02-Affiche-terrain-jeu.jpg\" \/>\n<meta name=\"twitter:card\" content=\"summary_large_image\" \/>\n<meta name=\"twitter:label1\" content=\"Dur\u00e9e de lecture estim\u00e9e\" \/>\n\t<meta name=\"twitter:data1\" content=\"1 minute\" \/>\n<script type=\"application\/ld+json\" class=\"yoast-schema-graph\">{\"@context\":\"https:\/\/schema.org\",\"@graph\":[{\"@type\":\"WebPage\",\"@id\":\"https:\/\/trailetmacadam.fr\/WP\/\",\"url\":\"https:\/\/trailetmacadam.fr\/WP\/\",\"name\":\"Accueil - Trail &amp; MACADAM\",\"isPartOf\":{\"@id\":\"https:\/\/trailetmacadam.fr\/WP\/#website\"},\"primaryImageOfPage\":{\"@id\":\"https:\/\/trailetmacadam.fr\/WP\/#primaryimage\"},\"image\":{\"@id\":\"https:\/\/trailetmacadam.fr\/WP\/#primaryimage\"},\"thumbnailUrl\":\"https:\/\/trailetmacadam.fr\/WP\/wp-content\/uploads\/2024\/02\/2024-02-Affiche-terrain-jeu.jpg\",\"datePublished\":\"2021-01-03T16:22:04+00:00\",\"dateModified\":\"2024-02-04T20:44:07+00:00\",\"breadcrumb\":{\"@id\":\"https:\/\/trailetmacadam.fr\/WP\/#breadcrumb\"},\"inLanguage\":\"fr-FR\",\"potentialAction\":[{\"@type\":\"ReadAction\",\"target\":[\"https:\/\/trailetmacadam.fr\/WP\/\"]}]},{\"@type\":\"ImageObject\",\"inLanguage\":\"fr-FR\",\"@id\":\"https:\/\/trailetmacadam.fr\/WP\/#primaryimage\",\"url\":\"https:\/\/trailetmacadam.fr\/WP\/wp-content\/uploads\/2024\/02\/2024-02-Affiche-terrain-jeu.jpg\",\"contentUrl\":\"https:\/\/trailetmacadam.fr\/WP\/wp-content\/uploads\/2024\/02\/2024-02-Affiche-terrain-jeu.jpg\",\"width\":769,\"height\":779},{\"@type\":\"BreadcrumbList\",\"@id\":\"https:\/\/trailetmacadam.fr\/WP\/#breadcrumb\",\"itemListElement\":[{\"@type\":\"ListItem\",\"position\":1,\"name\":\"Accueil\",\"item\":\"https:\/\/trailetmacadam.fr\/WP\/\"},{\"@type\":\"ListItem\",\"position\":2,\"name\":\"Accueil\"}]},{\"@type\":\"WebSite\",\"@id\":\"https:\/\/trailetmacadam.fr\/WP\/#website\",\"url\":\"https:\/\/trailetmacadam.fr\/WP\/\",\"name\":\"Trail et MACADAM\",\"description\":\"La seule mauvaise course, c&#039;est celle que tu ne fais pas !\",\"publisher\":{\"@id\":\"https:\/\/trailetmacadam.fr\/WP\/#organization\"},\"potentialAction\":[{\"@type\":\"SearchAction\",\"target\":{\"@type\":\"EntryPoint\",\"urlTemplate\":\"https:\/\/trailetmacadam.fr\/WP\/?s={search_term_string}\"},\"query-input\":{\"@type\":\"PropertyValueSpecification\",\"valueRequired\":true,\"valueName\":\"search_term_string\"}}],\"inLanguage\":\"fr-FR\"},{\"@type\":\"Organization\",\"@id\":\"https:\/\/trailetmacadam.fr\/WP\/#organization\",\"name\":\"Trail & MACADAM\",\"url\":\"https:\/\/trailetmacadam.fr\/WP\/\",\"logo\":{\"@type\":\"ImageObject\",\"inLanguage\":\"fr-FR\",\"@id\":\"https:\/\/trailetmacadam.fr\/WP\/#\/schema\/logo\/image\/\",\"url\":\"https:\/\/trailetmacadam.fr\/WP\/wp-content\/uploads\/2020\/12\/cropped-telechargement-1.jpg\",\"contentUrl\":\"https:\/\/trailetmacadam.fr\/WP\/wp-content\/uploads\/2020\/12\/cropped-telechargement-1.jpg\",\"width\":225,\"height\":225,\"caption\":\"Trail & MACADAM\"},\"image\":{\"@id\":\"https:\/\/trailetmacadam.fr\/WP\/#\/schema\/logo\/image\/\"},\"sameAs\":[\"https:\/\/www.facebook.com\/Trailetmacadam\"]}]}<\/script>\n<!-- \/ Yoast SEO plugin. -->","yoast_head_json":{"title":"Accueil - Trail &amp; MACADAM","robots":{"index":"index","follow":"follow","max-snippet":"max-snippet:-1","max-image-preview":"max-image-preview:large","max-video-preview":"max-video-preview:-1"},"canonical":"https:\/\/trailetmacadam.fr\/WP\/","og_locale":"fr_FR","og_type":"article","og_title":"Accueil - Trail &amp; MACADAM","og_description":"Quelques-uns de nos terrains de jeu Trail &amp; MACADAM Vous courez seul, vous aimeriez b\u00e9n\u00e9ficier de conseils et trouver des compagnons d\u2019entra\u00eenement. Partage, convivialit\u00e9 et bonne humeur sont l&#8217;esprit de notre club. Alors, pourquoi ne pas int\u00e9grer Trail &#038; MACADAM\u2009? Pourquoi nous rejoindre ? Quel que soit votre \u00e2ge ou votre niveau, les entrainements sont [&hellip;]","og_url":"https:\/\/trailetmacadam.fr\/WP\/","og_site_name":"Trail &amp; MACADAM","article_publisher":"https:\/\/www.facebook.com\/Trailetmacadam","article_modified_time":"2024-02-04T20:44:07+00:00","og_image":[{"url":"https:\/\/trailetmacadam.fr\/WP\/wp-content\/uploads\/2024\/02\/2024-02-Affiche-terrain-jeu.jpg","type":"","width":"","height":""}],"twitter_card":"summary_large_image","twitter_misc":{"Dur\u00e9e de lecture estim\u00e9e":"1 minute"},"schema":{"@context":"https:\/\/schema.org","@graph":[{"@type":"WebPage","@id":"https:\/\/trailetmacadam.fr\/WP\/","url":"https:\/\/trailetmacadam.fr\/WP\/","name":"Accueil - Trail &amp; MACADAM","isPartOf":{"@id":"https:\/\/trailetmacadam.fr\/WP\/#website"},"primaryImageOfPage":{"@id":"https:\/\/trailetmacadam.fr\/WP\/#primaryimage"},"image":{"@id":"https:\/\/trailetmacadam.fr\/WP\/#primaryimage"},"thumbnailUrl":"https:\/\/trailetmacadam.fr\/WP\/wp-content\/uploads\/2024\/02\/2024-02-Affiche-terrain-jeu.jpg","datePublished":"2021-01-03T16:22:04+00:00","dateModified":"2024-02-04T20:44:07+00:00","breadcrumb":{"@id":"https:\/\/trailetmacadam.fr\/WP\/#breadcrumb"},"inLanguage":"fr-FR","potentialAction":[{"@type":"ReadAction","target":["https:\/\/trailetmacadam.fr\/WP\/"]}]},{"@type":"ImageObject","inLanguage":"fr-FR","@id":"https:\/\/trailetmacadam.fr\/WP\/#primaryimage","url":"https:\/\/trailetmacadam.fr\/WP\/wp-content\/uploads\/2024\/02\/2024-02-Affiche-terrain-jeu.jpg","contentUrl":"https:\/\/trailetmacadam.fr\/WP\/wp-content\/uploads\/2024\/02\/2024-02-Affiche-terrain-jeu.jpg","width":769,"height":779},{"@type":"BreadcrumbList","@id":"https:\/\/trailetmacadam.fr\/WP\/#breadcrumb","itemListElement":[{"@type":"ListItem","position":1,"name":"Accueil","item":"https:\/\/trailetmacadam.fr\/WP\/"},{"@type":"ListItem","position":2,"name":"Accueil"}]},{"@type":"WebSite","@id":"https:\/\/trailetmacadam.fr\/WP\/#website","url":"https:\/\/trailetmacadam.fr\/WP\/","name":"Trail et MACADAM","description":"La seule mauvaise course, c&#039;est celle que tu ne fais pas !","publisher":{"@id":"https:\/\/trailetmacadam.fr\/WP\/#organization"},"potentialAction":[{"@type":"SearchAction","target":{"@type":"EntryPoint","urlTemplate":"https:\/\/trailetmacadam.fr\/WP\/?s={search_term_string}"},"query-input":{"@type":"PropertyValueSpecification","valueRequired":true,"valueName":"search_term_string"}}],"inLanguage":"fr-FR"},{"@type":"Organization","@id":"https:\/\/trailetmacadam.fr\/WP\/#organization","name":"Trail & MACADAM","url":"https:\/\/trailetmacadam.fr\/WP\/","logo":{"@type":"ImageObject","inLanguage":"fr-FR","@id":"https:\/\/trailetmacadam.fr\/WP\/#\/schema\/logo\/image\/","url":"https:\/\/trailetmacadam.fr\/WP\/wp-content\/uploads\/2020\/12\/cropped-telechargement-1.jpg","contentUrl":"https:\/\/trailetmacadam.fr\/WP\/wp-content\/uploads\/2020\/12\/cropped-telechargement-1.jpg","width":225,"height":225,"caption":"Trail & MACADAM"},"image":{"@id":"https:\/\/trailetmacadam.fr\/WP\/#\/schema\/logo\/image\/"},"sameAs":["https:\/\/www.facebook.com\/Trailetmacadam"]}]}},"_links":{"self":[{"href":"https:\/\/trailetmacadam.fr\/WP\/wp-json\/wp\/v2\/pages\/3224","targetHints":{"allow":["GET"]}}],"collection":[{"href":"https:\/\/trailetmacadam.fr\/WP\/wp-json\/wp\/v2\/pages"}],"about":[{"href":"https:\/\/trailetmacadam.fr\/WP\/wp-json\/wp\/v2\/types\/page"}],"author":[{"embeddable":true,"href":"https:\/\/trailetmacadam.fr\/WP\/wp-json\/wp\/v2\/users\/9"}],"replies":[{"embeddable":true,"href":"https:\/\/trailetmacadam.fr\/WP\/wp-json\/wp\/v2\/comments?post=3224"}],"version-history":[{"count":51,"href":"https:\/\/trailetmacadam.fr\/WP\/wp-json\/wp\/v2\/pages\/3224\/revisions"}],"predecessor-version":[{"id":9735,"href":"https:\/\/trailetmacadam.fr\/WP\/wp-json\/wp\/v2\/pages\/3224\/revisions\/9735"}],"wp:attachment":[{"href":"https:\/\/trailetmacadam.fr\/WP\/wp-json\/wp\/v2\/media?parent=3224"}],"curies":[{"name":"wp","href":"https:\/\/api.w.org\/{rel}","templated":true}]}}