{"id":3880,"date":"2021-01-15T17:14:45","date_gmt":"2021-01-15T16:14:45","guid":{"rendered":"http:\/\/trailetmacadam.fr\/WP\/?page_id=3880"},"modified":"2021-08-24T09:49:01","modified_gmt":"2021-08-24T07:49:01","slug":"contact","status":"publish","type":"page","link":"https:\/\/trailetmacadam.fr\/WP\/contact\/","title":{"rendered":"Contact"},"content":{"rendered":"\t\t<div data-elementor-type=\"wp-page\" data-elementor-id=\"3880\" class=\"elementor elementor-3880\">\n\t\t\t\t\t\t<section class=\"elementor-section elementor-top-section elementor-element elementor-element-176e6dc elementor-section-full_width elementor-section-height-default elementor-section-height-default\" data-id=\"176e6dc\" data-element_type=\"section\">\n\t\t\t\t\t\t<div class=\"elementor-container elementor-column-gap-default\">\n\t\t\t\t\t<div class=\"elementor-column elementor-col-66 elementor-top-column elementor-element elementor-element-f80420d\" data-id=\"f80420d\" data-element_type=\"column\">\n\t\t\t<div class=\"elementor-widget-wrap elementor-element-populated\">\n\t\t\t\t\t\t<div class=\"elementor-element elementor-element-fd76a48 elementor-widget elementor-widget-wpforms\" data-id=\"fd76a48\" data-element_type=\"widget\" data-widget_type=\"wpforms.default\">\n\t\t\t\t<div class=\"elementor-widget-container\">\n\t\t\t<div class=\"wpforms-container wpforms-container-full\" id=\"wpforms-3879\"><form id=\"wpforms-form-3879\" class=\"wpforms-validate wpforms-form\" data-formid=\"3879\" method=\"post\" enctype=\"multipart\/form-data\" action=\"\/WP\/wp-json\/wp\/v2\/pages\/3880\" data-token=\"c7b0c0cd3a37944531e297934fca3984\"><noscript class=\"wpforms-error-noscript\">Veuillez activer JavaScript dans votre navigateur pour remplir ce formulaire.<\/noscript><div class=\"wpforms-field-container\"><div id=\"wpforms-3879-field_0-container\" class=\"wpforms-field wpforms-field-name\" data-field-id=\"0\"><label class=\"wpforms-field-label\" for=\"wpforms-3879-field_0\">Coordonn\u00e9es <span class=\"wpforms-required-label\">*<\/span><\/label><div class=\"wpforms-field-row wpforms-field-medium\"><div class=\"wpforms-field-row-block wpforms-first wpforms-one-half\"><input type=\"text\" id=\"wpforms-3879-field_0\" class=\"wpforms-field-name-first wpforms-field-required\" name=\"wpforms[fields][0][first]\" required><label for=\"wpforms-3879-field_0\" class=\"wpforms-field-sublabel after \">Pr\u00e9nom<\/label><\/div><div class=\"wpforms-field-row-block wpforms-one-half\"><input type=\"text\" id=\"wpforms-3879-field_0-last\" class=\"wpforms-field-name-last wpforms-field-required\" name=\"wpforms[fields][0][last]\" required><label for=\"wpforms-3879-field_0-last\" class=\"wpforms-field-sublabel after \">Nom<\/label><\/div><\/div><\/div><div id=\"wpforms-3879-field_1-container\" class=\"wpforms-field wpforms-field-email\" data-field-id=\"1\"><label class=\"wpforms-field-label\" for=\"wpforms-3879-field_1\">E-mail <span class=\"wpforms-required-label\">*<\/span><\/label><input type=\"email\" id=\"wpforms-3879-field_1\" class=\"wpforms-field-medium wpforms-field-required\" name=\"wpforms[fields][1]\" spellcheck=\"false\" required><\/div><div id=\"wpforms-3879-field_10-container\" class=\"wpforms-field wpforms-field-text\" data-field-id=\"10\"><label class=\"wpforms-field-label\" for=\"wpforms-3879-field_10\">T\u00e9l\u00e9phone<\/label><input type=\"text\" id=\"wpforms-3879-field_10\" class=\"wpforms-field-medium wpforms-limit-characters-enabled\" data-form-id=\"3879\" data-field-id=\"10\" data-text-limit=\"10\" name=\"wpforms[fields][10]\" maxlength=\"10\" ><\/div><div id=\"wpforms-3879-field_2-container\" class=\"wpforms-field wpforms-field-textarea\" data-field-id=\"2\"><label class=\"wpforms-field-label\" for=\"wpforms-3879-field_2\">Message <span class=\"wpforms-required-label\">*<\/span><\/label><textarea id=\"wpforms-3879-field_2\" class=\"wpforms-field-medium wpforms-field-required\" name=\"wpforms[fields][2]\" required><\/textarea><\/div><div id=\"wpforms-3879-field_6-container\" class=\"wpforms-field wpforms-field-gdpr-checkbox\" data-field-id=\"6\"><label class=\"wpforms-field-label\" for=\"wpforms-3879-field_6\">Accord RGPD <span class=\"wpforms-required-label\">*<\/span><\/label><ul id=\"wpforms-3879-field_6\" class=\"wpforms-field-required\"><li class=\"choice-1\"><input type=\"checkbox\" id=\"wpforms-3879-field_6_1\" name=\"wpforms[fields][6][]\" value=\"Je consens \u00e0 ce que Trail &amp; MACADAM stocke les informations envoy\u00e9es afin de pouvoir r\u00e9pondre \u00e0 ma requ\u00eate.\" required ><label class=\"wpforms-field-label-inline\" for=\"wpforms-3879-field_6_1\">Je consens \u00e0 ce que Trail &amp; MACADAM stocke les informations envoy\u00e9es afin de pouvoir r\u00e9pondre \u00e0 ma requ\u00eate.<\/label><\/li><\/ul><\/div><\/div><!-- .wpforms-field-container --><div class=\"wpforms-recaptcha-container wpforms-is-recaptcha wpforms-is-recaptcha-type-invisible\" ><div class=\"g-recaptcha\" data-sitekey=\"6LckDXQaAAAAAJNGLP_rk12WfMwr6UDutw2cvZaL\" data-size=\"invisible\"><\/div><\/div><div class=\"wpforms-submit-container\" ><input type=\"hidden\" name=\"wpforms[id]\" value=\"3879\"><input type=\"hidden\" name=\"wpforms[author]\" value=\"9\"><button type=\"submit\" name=\"wpforms[submit]\" id=\"wpforms-submit-3879\" class=\"wpforms-submit\" data-alt-text=\"Envoi...\" data-submit-text=\"Envoyer\" aria-live=\"assertive\" value=\"wpforms-submit\">Envoyer<\/button><\/div><\/form><\/div>  <!-- .wpforms-container -->\t\t<\/div>\n\t\t\t\t<\/div>\n\t\t\t\t\t<\/div>\n\t\t<\/div>\n\t\t\t\t<div class=\"elementor-column elementor-col-33 elementor-top-column elementor-element elementor-element-9bc7c4e\" data-id=\"9bc7c4e\" data-element_type=\"column\">\n\t\t\t<div class=\"elementor-widget-wrap elementor-element-populated\">\n\t\t\t\t\t\t<section class=\"elementor-section elementor-inner-section elementor-element elementor-element-370732a elementor-section-boxed elementor-section-height-default elementor-section-height-default\" data-id=\"370732a\" data-element_type=\"section\">\n\t\t\t\t\t\t<div class=\"elementor-container elementor-column-gap-default\">\n\t\t\t\t\t<div class=\"elementor-column elementor-col-100 elementor-inner-column elementor-element elementor-element-705bb28\" data-id=\"705bb28\" data-element_type=\"column\">\n\t\t\t<div class=\"elementor-widget-wrap elementor-element-populated\">\n\t\t\t\t\t\t<div class=\"elementor-element elementor-element-e686b3d elementor-widget elementor-widget-image\" data-id=\"e686b3d\" data-element_type=\"widget\" data-widget_type=\"image.default\">\n\t\t\t\t<div class=\"elementor-widget-container\">\n\t\t\t\t\t\t\t\t\t\t\t\t\t<img fetchpriority=\"high\" decoding=\"async\" width=\"735\" height=\"485\" src=\"https:\/\/trailetmacadam.fr\/WP\/wp-content\/uploads\/2021\/02\/comite-oeuvres-sociales.jpg\" class=\"attachment-large size-large wp-image-5488\" alt=\"\" srcset=\"https:\/\/trailetmacadam.fr\/WP\/wp-content\/uploads\/2021\/02\/comite-oeuvres-sociales.jpg 735w, https:\/\/trailetmacadam.fr\/WP\/wp-content\/uploads\/2021\/02\/comite-oeuvres-sociales-300x198.jpg 300w\" sizes=\"(max-width: 735px) 100vw, 735px\" \/>\t\t\t\t\t\t\t\t\t\t\t\t\t<\/div>\n\t\t\t\t<\/div>\n\t\t\t\t\t<\/div>\n\t\t<\/div>\n\t\t\t\t\t<\/div>\n\t\t<\/section>\n\t\t\t\t<div class=\"elementor-element elementor-element-3f3cc8f elementor-widget elementor-widget-heading\" data-id=\"3f3cc8f\" data-element_type=\"widget\" data-widget_type=\"heading.default\">\n\t\t\t\t<div class=\"elementor-widget-container\">\n\t\t\t<h1 class=\"elementor-heading-title elementor-size-default\">Trail & MACADAM<\/h1>\t\t<\/div>\n\t\t\t\t<\/div>\n\t\t\t\t<div class=\"elementor-element elementor-element-159c48f elementor-widget elementor-widget-text-editor\" data-id=\"159c48f\" data-element_type=\"widget\" data-widget_type=\"text-editor.default\">\n\t\t\t\t<div class=\"elementor-widget-container\">\n\t\t\t\t\t\t\t<p>Maison Fernand Sambardy<\/p><p>1 rue du Bac, 01100 Bellignat<\/p><p>Port : 07.69.74.33.45<\/p>\t\t\t\t\t\t<\/div>\n\t\t\t\t<\/div>\n\t\t\t\t<div class=\"elementor-element elementor-element-fca2fe2 elementor-widget elementor-widget-google_maps\" data-id=\"fca2fe2\" data-element_type=\"widget\" data-widget_type=\"google_maps.default\">\n\t\t\t\t<div class=\"elementor-widget-container\">\n\t\t\t\t\t<div class=\"elementor-custom-embed\">\n\t\t\t<iframe loading=\"lazy\"\n\t\t\t\t\tsrc=\"https:\/\/maps.google.com\/maps?q=1%20rue%20du%20bac%2C%2001100%20bellignat&#038;t=m&#038;z=13&#038;output=embed&#038;iwloc=near\"\n\t\t\t\t\ttitle=\"1 rue du bac, 01100 bellignat\"\n\t\t\t\t\taria-label=\"1 rue du bac, 01100 bellignat\"\n\t\t\t><\/iframe>\n\t\t<\/div>\n\t\t\t\t<\/div>\n\t\t\t\t<\/div>\n\t\t\t\t\t<\/div>\n\t\t<\/div>\n\t\t\t\t\t<\/div>\n\t\t<\/section>\n\t\t\t\t<\/div>\n\t\t","protected":false},"excerpt":{"rendered":"<p>Trail &#038; MACADAM Maison Fernand Sambardy 1 rue du Bac, 01100 Bellignat Port : 07.69.74.33.45<\/p>\n","protected":false},"author":9,"featured_media":0,"parent":0,"menu_order":0,"comment_status":"closed","ping_status":"closed","template":"","meta":{"ocean_post_layout":"","ocean_both_sidebars_style":"","ocean_both_sidebars_content_width":0,"ocean_both_sidebars_sidebars_width":0,"ocean_sidebar":"","ocean_second_sidebar":"","ocean_disable_margins":"enable","ocean_add_body_class":"","ocean_shortcode_before_top_bar":"","ocean_shortcode_after_top_bar":"","ocean_shortcode_before_header":"","ocean_shortcode_after_header":"","ocean_has_shortcode":"","ocean_shortcode_after_title":"","ocean_shortcode_before_footer_widgets":"","ocean_shortcode_after_footer_widgets":"","ocean_shortcode_before_footer_bottom":"","ocean_shortcode_after_footer_bottom":"","ocean_display_top_bar":"default","ocean_display_header":"default","ocean_header_style":"","ocean_center_header_left_menu":"","ocean_custom_header_template":"","ocean_custom_logo":0,"ocean_custom_retina_logo":0,"ocean_custom_logo_max_width":0,"ocean_custom_logo_tablet_max_width":0,"ocean_custom_logo_mobile_max_width":0,"ocean_custom_logo_max_height":0,"ocean_custom_logo_tablet_max_height":0,"ocean_custom_logo_mobile_max_height":0,"ocean_header_custom_menu":"","ocean_menu_typo_font_family":"","ocean_menu_typo_font_subset":"","ocean_menu_typo_font_size":0,"ocean_menu_typo_font_size_tablet":0,"ocean_menu_typo_font_size_mobile":0,"ocean_menu_typo_font_size_unit":"px","ocean_menu_typo_font_weight":"","ocean_menu_typo_font_weight_tablet":"","ocean_menu_typo_font_weight_mobile":"","ocean_menu_typo_transform":"","ocean_menu_typo_transform_tablet":"","ocean_menu_typo_transform_mobile":"","ocean_menu_typo_line_height":0,"ocean_menu_typo_line_height_tablet":0,"ocean_menu_typo_line_height_mobile":0,"ocean_menu_typo_line_height_unit":"","ocean_menu_typo_spacing":0,"ocean_menu_typo_spacing_tablet":0,"ocean_menu_typo_spacing_mobile":0,"ocean_menu_typo_spacing_unit":"","ocean_menu_link_color":"","ocean_menu_link_color_hover":"","ocean_menu_link_color_active":"","ocean_menu_link_background":"","ocean_menu_link_hover_background":"","ocean_menu_link_active_background":"","ocean_menu_social_links_bg":"","ocean_menu_social_hover_links_bg":"","ocean_menu_social_links_color":"","ocean_menu_social_hover_links_color":"","ocean_disable_title":"default","ocean_disable_heading":"default","ocean_post_title":"","ocean_post_subheading":"","ocean_post_title_style":"","ocean_post_title_background_color":"","ocean_post_title_background":0,"ocean_post_title_bg_image_position":"","ocean_post_title_bg_image_attachment":"","ocean_post_title_bg_image_repeat":"","ocean_post_title_bg_image_size":"","ocean_post_title_height":0,"ocean_post_title_bg_overlay":0.5,"ocean_post_title_bg_overlay_color":"","ocean_disable_breadcrumbs":"default","ocean_breadcrumbs_color":"","ocean_breadcrumbs_separator_color":"","ocean_breadcrumbs_links_color":"","ocean_breadcrumbs_links_hover_color":"","ocean_display_footer_widgets":"default","ocean_display_footer_bottom":"default","ocean_custom_footer_template":"","footnotes":""},"class_list":["post-3880","page","type-page","status-publish","hentry","entry"],"yoast_head":"<!-- This site is optimized with the Yoast SEO plugin v24.6 - https:\/\/yoast.com\/wordpress\/plugins\/seo\/ -->\n<title>Contact - Trail &amp; MACADAM<\/title>\n<meta name=\"robots\" content=\"index, follow, max-snippet:-1, max-image-preview:large, max-video-preview:-1\" \/>\n<link rel=\"canonical\" href=\"https:\/\/trailetmacadam.fr\/WP\/contact\/\" \/>\n<meta property=\"og:locale\" content=\"fr_FR\" \/>\n<meta property=\"og:type\" content=\"article\" \/>\n<meta property=\"og:title\" content=\"Contact - Trail &amp; MACADAM\" \/>\n<meta property=\"og:description\" content=\"Trail &#038; MACADAM Maison Fernand Sambardy 1 rue du Bac, 01100 Bellignat Port : 07.69.74.33.45\" \/>\n<meta property=\"og:url\" content=\"https:\/\/trailetmacadam.fr\/WP\/contact\/\" \/>\n<meta property=\"og:site_name\" content=\"Trail &amp; MACADAM\" \/>\n<meta property=\"article:publisher\" content=\"https:\/\/www.facebook.com\/Trailetmacadam\" \/>\n<meta property=\"article:modified_time\" content=\"2021-08-24T07:49:01+00:00\" \/>\n<meta property=\"og:image\" content=\"https:\/\/trailetmacadam.fr\/WP\/wp-content\/uploads\/2021\/02\/comite-oeuvres-sociales.jpg\" \/>\n<meta name=\"twitter:card\" content=\"summary_large_image\" \/>\n<meta name=\"twitter:label1\" content=\"Dur\u00e9e de lecture estim\u00e9e\" \/>\n\t<meta name=\"twitter:data1\" content=\"1 minute\" \/>\n<script type=\"application\/ld+json\" class=\"yoast-schema-graph\">{\"@context\":\"https:\/\/schema.org\",\"@graph\":[{\"@type\":\"WebPage\",\"@id\":\"https:\/\/trailetmacadam.fr\/WP\/contact\/\",\"url\":\"https:\/\/trailetmacadam.fr\/WP\/contact\/\",\"name\":\"Contact - Trail &amp; MACADAM\",\"isPartOf\":{\"@id\":\"https:\/\/trailetmacadam.fr\/WP\/#website\"},\"primaryImageOfPage\":{\"@id\":\"https:\/\/trailetmacadam.fr\/WP\/contact\/#primaryimage\"},\"image\":{\"@id\":\"https:\/\/trailetmacadam.fr\/WP\/contact\/#primaryimage\"},\"thumbnailUrl\":\"https:\/\/trailetmacadam.fr\/WP\/wp-content\/uploads\/2021\/02\/comite-oeuvres-sociales.jpg\",\"datePublished\":\"2021-01-15T16:14:45+00:00\",\"dateModified\":\"2021-08-24T07:49:01+00:00\",\"breadcrumb\":{\"@id\":\"https:\/\/trailetmacadam.fr\/WP\/contact\/#breadcrumb\"},\"inLanguage\":\"fr-FR\",\"potentialAction\":[{\"@type\":\"ReadAction\",\"target\":[\"https:\/\/trailetmacadam.fr\/WP\/contact\/\"]}]},{\"@type\":\"ImageObject\",\"inLanguage\":\"fr-FR\",\"@id\":\"https:\/\/trailetmacadam.fr\/WP\/contact\/#primaryimage\",\"url\":\"https:\/\/trailetmacadam.fr\/WP\/wp-content\/uploads\/2021\/02\/comite-oeuvres-sociales.jpg\",\"contentUrl\":\"https:\/\/trailetmacadam.fr\/WP\/wp-content\/uploads\/2021\/02\/comite-oeuvres-sociales.jpg\",\"width\":735,\"height\":485},{\"@type\":\"BreadcrumbList\",\"@id\":\"https:\/\/trailetmacadam.fr\/WP\/contact\/#breadcrumb\",\"itemListElement\":[{\"@type\":\"ListItem\",\"position\":1,\"name\":\"Accueil\",\"item\":\"https:\/\/trailetmacadam.fr\/WP\/\"},{\"@type\":\"ListItem\",\"position\":2,\"name\":\"Contact\"}]},{\"@type\":\"WebSite\",\"@id\":\"https:\/\/trailetmacadam.fr\/WP\/#website\",\"url\":\"https:\/\/trailetmacadam.fr\/WP\/\",\"name\":\"Trail et MACADAM\",\"description\":\"La seule mauvaise course, c&#039;est celle que tu ne fais pas !\",\"publisher\":{\"@id\":\"https:\/\/trailetmacadam.fr\/WP\/#organization\"},\"potentialAction\":[{\"@type\":\"SearchAction\",\"target\":{\"@type\":\"EntryPoint\",\"urlTemplate\":\"https:\/\/trailetmacadam.fr\/WP\/?s={search_term_string}\"},\"query-input\":{\"@type\":\"PropertyValueSpecification\",\"valueRequired\":true,\"valueName\":\"search_term_string\"}}],\"inLanguage\":\"fr-FR\"},{\"@type\":\"Organization\",\"@id\":\"https:\/\/trailetmacadam.fr\/WP\/#organization\",\"name\":\"Trail & MACADAM\",\"url\":\"https:\/\/trailetmacadam.fr\/WP\/\",\"logo\":{\"@type\":\"ImageObject\",\"inLanguage\":\"fr-FR\",\"@id\":\"https:\/\/trailetmacadam.fr\/WP\/#\/schema\/logo\/image\/\",\"url\":\"https:\/\/trailetmacadam.fr\/WP\/wp-content\/uploads\/2020\/12\/cropped-telechargement-1.jpg\",\"contentUrl\":\"https:\/\/trailetmacadam.fr\/WP\/wp-content\/uploads\/2020\/12\/cropped-telechargement-1.jpg\",\"width\":225,\"height\":225,\"caption\":\"Trail & MACADAM\"},\"image\":{\"@id\":\"https:\/\/trailetmacadam.fr\/WP\/#\/schema\/logo\/image\/\"},\"sameAs\":[\"https:\/\/www.facebook.com\/Trailetmacadam\"]}]}<\/script>\n<!-- \/ Yoast SEO plugin. -->","yoast_head_json":{"title":"Contact - Trail &amp; MACADAM","robots":{"index":"index","follow":"follow","max-snippet":"max-snippet:-1","max-image-preview":"max-image-preview:large","max-video-preview":"max-video-preview:-1"},"canonical":"https:\/\/trailetmacadam.fr\/WP\/contact\/","og_locale":"fr_FR","og_type":"article","og_title":"Contact - Trail &amp; MACADAM","og_description":"Trail &#038; MACADAM Maison Fernand Sambardy 1 rue du Bac, 01100 Bellignat Port : 07.69.74.33.45","og_url":"https:\/\/trailetmacadam.fr\/WP\/contact\/","og_site_name":"Trail &amp; MACADAM","article_publisher":"https:\/\/www.facebook.com\/Trailetmacadam","article_modified_time":"2021-08-24T07:49:01+00:00","og_image":[{"url":"https:\/\/trailetmacadam.fr\/WP\/wp-content\/uploads\/2021\/02\/comite-oeuvres-sociales.jpg","type":"","width":"","height":""}],"twitter_card":"summary_large_image","twitter_misc":{"Dur\u00e9e de lecture estim\u00e9e":"1 minute"},"schema":{"@context":"https:\/\/schema.org","@graph":[{"@type":"WebPage","@id":"https:\/\/trailetmacadam.fr\/WP\/contact\/","url":"https:\/\/trailetmacadam.fr\/WP\/contact\/","name":"Contact - Trail &amp; MACADAM","isPartOf":{"@id":"https:\/\/trailetmacadam.fr\/WP\/#website"},"primaryImageOfPage":{"@id":"https:\/\/trailetmacadam.fr\/WP\/contact\/#primaryimage"},"image":{"@id":"https:\/\/trailetmacadam.fr\/WP\/contact\/#primaryimage"},"thumbnailUrl":"https:\/\/trailetmacadam.fr\/WP\/wp-content\/uploads\/2021\/02\/comite-oeuvres-sociales.jpg","datePublished":"2021-01-15T16:14:45+00:00","dateModified":"2021-08-24T07:49:01+00:00","breadcrumb":{"@id":"https:\/\/trailetmacadam.fr\/WP\/contact\/#breadcrumb"},"inLanguage":"fr-FR","potentialAction":[{"@type":"ReadAction","target":["https:\/\/trailetmacadam.fr\/WP\/contact\/"]}]},{"@type":"ImageObject","inLanguage":"fr-FR","@id":"https:\/\/trailetmacadam.fr\/WP\/contact\/#primaryimage","url":"https:\/\/trailetmacadam.fr\/WP\/wp-content\/uploads\/2021\/02\/comite-oeuvres-sociales.jpg","contentUrl":"https:\/\/trailetmacadam.fr\/WP\/wp-content\/uploads\/2021\/02\/comite-oeuvres-sociales.jpg","width":735,"height":485},{"@type":"BreadcrumbList","@id":"https:\/\/trailetmacadam.fr\/WP\/contact\/#breadcrumb","itemListElement":[{"@type":"ListItem","position":1,"name":"Accueil","item":"https:\/\/trailetmacadam.fr\/WP\/"},{"@type":"ListItem","position":2,"name":"Contact"}]},{"@type":"WebSite","@id":"https:\/\/trailetmacadam.fr\/WP\/#website","url":"https:\/\/trailetmacadam.fr\/WP\/","name":"Trail et MACADAM","description":"La seule mauvaise course, c&#039;est celle que tu ne fais pas !","publisher":{"@id":"https:\/\/trailetmacadam.fr\/WP\/#organization"},"potentialAction":[{"@type":"SearchAction","target":{"@type":"EntryPoint","urlTemplate":"https:\/\/trailetmacadam.fr\/WP\/?s={search_term_string}"},"query-input":{"@type":"PropertyValueSpecification","valueRequired":true,"valueName":"search_term_string"}}],"inLanguage":"fr-FR"},{"@type":"Organization","@id":"https:\/\/trailetmacadam.fr\/WP\/#organization","name":"Trail & MACADAM","url":"https:\/\/trailetmacadam.fr\/WP\/","logo":{"@type":"ImageObject","inLanguage":"fr-FR","@id":"https:\/\/trailetmacadam.fr\/WP\/#\/schema\/logo\/image\/","url":"https:\/\/trailetmacadam.fr\/WP\/wp-content\/uploads\/2020\/12\/cropped-telechargement-1.jpg","contentUrl":"https:\/\/trailetmacadam.fr\/WP\/wp-content\/uploads\/2020\/12\/cropped-telechargement-1.jpg","width":225,"height":225,"caption":"Trail & MACADAM"},"image":{"@id":"https:\/\/trailetmacadam.fr\/WP\/#\/schema\/logo\/image\/"},"sameAs":["https:\/\/www.facebook.com\/Trailetmacadam"]}]}},"_links":{"self":[{"href":"https:\/\/trailetmacadam.fr\/WP\/wp-json\/wp\/v2\/pages\/3880","targetHints":{"allow":["GET"]}}],"collection":[{"href":"https:\/\/trailetmacadam.fr\/WP\/wp-json\/wp\/v2\/pages"}],"about":[{"href":"https:\/\/trailetmacadam.fr\/WP\/wp-json\/wp\/v2\/types\/page"}],"author":[{"embeddable":true,"href":"https:\/\/trailetmacadam.fr\/WP\/wp-json\/wp\/v2\/users\/9"}],"replies":[{"embeddable":true,"href":"https:\/\/trailetmacadam.fr\/WP\/wp-json\/wp\/v2\/comments?post=3880"}],"version-history":[{"count":0,"href":"https:\/\/trailetmacadam.fr\/WP\/wp-json\/wp\/v2\/pages\/3880\/revisions"}],"wp:attachment":[{"href":"https:\/\/trailetmacadam.fr\/WP\/wp-json\/wp\/v2\/media?parent=3880"}],"curies":[{"name":"wp","href":"https:\/\/api.w.org\/{rel}","templated":true}]}}