{"id":7085,"date":"2021-07-24T11:33:43","date_gmt":"2021-07-24T09:33:43","guid":{"rendered":"https:\/\/trailetmacadam.fr\/WP\/?page_id=7085"},"modified":"2021-07-24T11:34:37","modified_gmt":"2021-07-24T09:34:37","slug":"tm","status":"publish","type":"page","link":"https:\/\/trailetmacadam.fr\/WP\/tm\/","title":{"rendered":"Le Club"},"content":{"rendered":"\t\t<div data-elementor-type=\"wp-page\" data-elementor-id=\"7085\" class=\"elementor elementor-7085\">\n\t\t\t\t\t\t<section class=\"elementor-section elementor-top-section elementor-element elementor-element-327b3a2 elementor-section-boxed elementor-section-height-default elementor-section-height-default\" data-id=\"327b3a2\" data-element_type=\"section\">\n\t\t\t\t\t\t<div class=\"elementor-container elementor-column-gap-default\">\n\t\t\t\t\t<div class=\"elementor-column elementor-col-100 elementor-top-column elementor-element elementor-element-4acca7c\" data-id=\"4acca7c\" data-element_type=\"column\">\n\t\t\t<div class=\"elementor-widget-wrap\">\n\t\t\t\t\t\t\t<\/div>\n\t\t<\/div>\n\t\t\t\t\t<\/div>\n\t\t<\/section>\n\t\t\t\t<section class=\"elementor-section elementor-top-section elementor-element elementor-element-d24baea elementor-section-boxed elementor-section-height-default elementor-section-height-default\" data-id=\"d24baea\" data-element_type=\"section\">\n\t\t\t\t\t\t<div class=\"elementor-container elementor-column-gap-default\">\n\t\t\t\t\t<div class=\"elementor-column elementor-col-50 elementor-top-column elementor-element elementor-element-d6d5ef9\" data-id=\"d6d5ef9\" data-element_type=\"column\">\n\t\t\t<div class=\"elementor-widget-wrap elementor-element-populated\">\n\t\t\t\t\t\t<div class=\"elementor-element elementor-element-445a9ed elementor-widget elementor-widget-heading\" data-id=\"445a9ed\" data-element_type=\"widget\" data-widget_type=\"heading.default\">\n\t\t\t\t<div class=\"elementor-widget-container\">\n\t\t\t<h2 class=\"elementor-heading-title elementor-size-default\">Le Club<\/h2>\t\t<\/div>\n\t\t\t\t<\/div>\n\t\t\t\t<div class=\"elementor-element elementor-element-d3f8d78 elementor-widget elementor-widget-text-editor\" data-id=\"d3f8d78\" data-element_type=\"widget\" data-widget_type=\"text-editor.default\">\n\t\t\t\t<div class=\"elementor-widget-container\">\n\t\t\t\t\t\t\t<p>Nous sommes des passionn\u00e9s de course \u00e0 pied. Les routes et chemins des alentours sont nos terrains de jeu et d\u2019entrainement.<\/p><p>Si vous partagez notre passion, nous vous accueillerons quelque soit votre niveau. Vous voulez reprendre une activit\u00e9 physique, progresser gr\u00e2ce \u00e0 l\u2019\u00e9mulation de groupe, vous \u00eates un comp\u00e9titeur, rejoignez nous !<\/p>\t\t\t\t\t\t<\/div>\n\t\t\t\t<\/div>\n\t\t\t\t\t<\/div>\n\t\t<\/div>\n\t\t\t\t<div class=\"elementor-column elementor-col-50 elementor-top-column elementor-element elementor-element-4d1fbcf\" data-id=\"4d1fbcf\" data-element_type=\"column\">\n\t\t\t<div class=\"elementor-widget-wrap elementor-element-populated\">\n\t\t\t\t\t\t<div class=\"elementor-element elementor-element-481b9c2 elementor-widget elementor-widget-image\" data-id=\"481b9c2\" data-element_type=\"widget\" data-widget_type=\"image.default\">\n\t\t\t\t<div class=\"elementor-widget-container\">\n\t\t\t\t\t\t\t\t\t\t\t\t\t<img fetchpriority=\"high\" decoding=\"async\" width=\"1024\" height=\"768\" src=\"https:\/\/trailetmacadam.fr\/WP\/wp-content\/uploads\/2020\/12\/cropped-121422995_2780530682214861_8353104025503333288_o-1024x768.jpg\" class=\"attachment-large size-large wp-image-2559\" alt=\"\" srcset=\"https:\/\/trailetmacadam.fr\/WP\/wp-content\/uploads\/2020\/12\/cropped-121422995_2780530682214861_8353104025503333288_o-1024x768.jpg 1024w, https:\/\/trailetmacadam.fr\/WP\/wp-content\/uploads\/2020\/12\/cropped-121422995_2780530682214861_8353104025503333288_o-300x225.jpg 300w, https:\/\/trailetmacadam.fr\/WP\/wp-content\/uploads\/2020\/12\/cropped-121422995_2780530682214861_8353104025503333288_o-768x576.jpg 768w, https:\/\/trailetmacadam.fr\/WP\/wp-content\/uploads\/2020\/12\/cropped-121422995_2780530682214861_8353104025503333288_o-1536x1152.jpg 1536w, https:\/\/trailetmacadam.fr\/WP\/wp-content\/uploads\/2020\/12\/cropped-121422995_2780530682214861_8353104025503333288_o.jpg 1984w\" sizes=\"(max-width: 1024px) 100vw, 1024px\" \/>\t\t\t\t\t\t\t\t\t\t\t\t\t<\/div>\n\t\t\t\t<\/div>\n\t\t\t\t\t<\/div>\n\t\t<\/div>\n\t\t\t\t\t<\/div>\n\t\t<\/section>\n\t\t\t\t<section class=\"elementor-section elementor-top-section elementor-element elementor-element-cb80bd1 elementor-section-boxed elementor-section-height-default elementor-section-height-default\" data-id=\"cb80bd1\" data-element_type=\"section\">\n\t\t\t\t\t\t<div class=\"elementor-container elementor-column-gap-default\">\n\t\t\t\t\t<div class=\"elementor-column elementor-col-50 elementor-top-column elementor-element elementor-element-c25ecac\" data-id=\"c25ecac\" data-element_type=\"column\">\n\t\t\t<div class=\"elementor-widget-wrap elementor-element-populated\">\n\t\t\t\t\t\t<div class=\"elementor-element elementor-element-57da54c elementor-widget elementor-widget-image\" data-id=\"57da54c\" data-element_type=\"widget\" data-widget_type=\"image.default\">\n\t\t\t\t<div class=\"elementor-widget-container\">\n\t\t\t\t\t\t\t\t\t\t\t\t\t<img decoding=\"async\" width=\"1024\" height=\"768\" src=\"https:\/\/trailetmacadam.fr\/WP\/wp-content\/uploads\/2020\/12\/2019-06-Vercors-Groupe-Site-OTTHB-1024x768.jpg\" class=\"attachment-large size-large wp-image-2660\" alt=\"\" srcset=\"https:\/\/trailetmacadam.fr\/WP\/wp-content\/uploads\/2020\/12\/2019-06-Vercors-Groupe-Site-OTTHB-1024x768.jpg 1024w, https:\/\/trailetmacadam.fr\/WP\/wp-content\/uploads\/2020\/12\/2019-06-Vercors-Groupe-Site-OTTHB-300x225.jpg 300w, https:\/\/trailetmacadam.fr\/WP\/wp-content\/uploads\/2020\/12\/2019-06-Vercors-Groupe-Site-OTTHB-768x576.jpg 768w, https:\/\/trailetmacadam.fr\/WP\/wp-content\/uploads\/2020\/12\/2019-06-Vercors-Groupe-Site-OTTHB-1536x1152.jpg 1536w, https:\/\/trailetmacadam.fr\/WP\/wp-content\/uploads\/2020\/12\/2019-06-Vercors-Groupe-Site-OTTHB.jpg 1600w\" sizes=\"(max-width: 1024px) 100vw, 1024px\" \/>\t\t\t\t\t\t\t\t\t\t\t\t\t<\/div>\n\t\t\t\t<\/div>\n\t\t\t\t\t<\/div>\n\t\t<\/div>\n\t\t\t\t<div class=\"elementor-column elementor-col-50 elementor-top-column elementor-element elementor-element-7fdb63e\" data-id=\"7fdb63e\" data-element_type=\"column\">\n\t\t\t<div class=\"elementor-widget-wrap elementor-element-populated\">\n\t\t\t\t\t\t<div class=\"elementor-element elementor-element-181ef0c elementor-widget elementor-widget-text-editor\" data-id=\"181ef0c\" data-element_type=\"widget\" data-widget_type=\"text-editor.default\">\n\t\t\t\t<div class=\"elementor-widget-container\">\n\t\t\t\t\t\t\t<p>Les groupes de niveau vous permettrons de vous entrainer \u00e0 votre rythme gr\u00e2ce \u00e0 des s\u00e9ances structur\u00e9es concoct\u00e9es par nos trois coachs : Zo\u00e9, Mathieu et Antoine.<\/p><p>Il s\u2019agit d\u2019un club amateur, o\u00f9 chacun compose avec son emploi du temps, et m\u00eame si la r\u00e9gularit\u00e9 aux entrainements est la cl\u00e9 pour progresser, chacun fait comme il veut ou comme il peut.<\/p><p>Venez faire un essai !<\/p>\t\t\t\t\t\t<\/div>\n\t\t\t\t<\/div>\n\t\t\t\t\t<\/div>\n\t\t<\/div>\n\t\t\t\t\t<\/div>\n\t\t<\/section>\n\t\t\t\t<\/div>\n\t\t","protected":false},"excerpt":{"rendered":"<p>Le Club Nous sommes des passionn\u00e9s de course \u00e0 pied. Les routes et chemins des alentours sont nos terrains de jeu et d\u2019entrainement. Si vous partagez notre passion, nous vous accueillerons quelque soit votre niveau. Vous voulez reprendre une activit\u00e9 physique, progresser gr\u00e2ce \u00e0 l\u2019\u00e9mulation de groupe, vous \u00eates un comp\u00e9titeur, rejoignez nous ! Les [&hellip;]<\/p>\n","protected":false},"author":9,"featured_media":0,"parent":0,"menu_order":0,"comment_status":"closed","ping_status":"closed","template":"","meta":{"ocean_post_layout":"","ocean_both_sidebars_style":"","ocean_both_sidebars_content_width":0,"ocean_both_sidebars_sidebars_width":0,"ocean_sidebar":"0","ocean_second_sidebar":"0","ocean_disable_margins":"enable","ocean_add_body_class":"","ocean_shortcode_before_top_bar":"","ocean_shortcode_after_top_bar":"","ocean_shortcode_before_header":"","ocean_shortcode_after_header":"","ocean_has_shortcode":"","ocean_shortcode_after_title":"","ocean_shortcode_before_footer_widgets":"","ocean_shortcode_after_footer_widgets":"","ocean_shortcode_before_footer_bottom":"","ocean_shortcode_after_footer_bottom":"","ocean_display_top_bar":"default","ocean_display_header":"default","ocean_header_style":"","ocean_center_header_left_menu":"0","ocean_custom_header_template":"0","ocean_custom_logo":0,"ocean_custom_retina_logo":0,"ocean_custom_logo_max_width":0,"ocean_custom_logo_tablet_max_width":0,"ocean_custom_logo_mobile_max_width":0,"ocean_custom_logo_max_height":0,"ocean_custom_logo_tablet_max_height":0,"ocean_custom_logo_mobile_max_height":0,"ocean_header_custom_menu":"0","ocean_menu_typo_font_family":"0","ocean_menu_typo_font_subset":"","ocean_menu_typo_font_size":0,"ocean_menu_typo_font_size_tablet":0,"ocean_menu_typo_font_size_mobile":0,"ocean_menu_typo_font_size_unit":"px","ocean_menu_typo_font_weight":"","ocean_menu_typo_font_weight_tablet":"","ocean_menu_typo_font_weight_mobile":"","ocean_menu_typo_transform":"","ocean_menu_typo_transform_tablet":"","ocean_menu_typo_transform_mobile":"","ocean_menu_typo_line_height":0,"ocean_menu_typo_line_height_tablet":0,"ocean_menu_typo_line_height_mobile":0,"ocean_menu_typo_line_height_unit":"","ocean_menu_typo_spacing":0,"ocean_menu_typo_spacing_tablet":0,"ocean_menu_typo_spacing_mobile":0,"ocean_menu_typo_spacing_unit":"","ocean_menu_link_color":"","ocean_menu_link_color_hover":"","ocean_menu_link_color_active":"","ocean_menu_link_background":"","ocean_menu_link_hover_background":"","ocean_menu_link_active_background":"","ocean_menu_social_links_bg":"","ocean_menu_social_hover_links_bg":"","ocean_menu_social_links_color":"","ocean_menu_social_hover_links_color":"","ocean_disable_title":"default","ocean_disable_heading":"default","ocean_post_title":"","ocean_post_subheading":"","ocean_post_title_style":"","ocean_post_title_background_color":"","ocean_post_title_background":0,"ocean_post_title_bg_image_position":"","ocean_post_title_bg_image_attachment":"","ocean_post_title_bg_image_repeat":"","ocean_post_title_bg_image_size":"","ocean_post_title_height":0,"ocean_post_title_bg_overlay":0.5,"ocean_post_title_bg_overlay_color":"","ocean_disable_breadcrumbs":"default","ocean_breadcrumbs_color":"","ocean_breadcrumbs_separator_color":"","ocean_breadcrumbs_links_color":"","ocean_breadcrumbs_links_hover_color":"","ocean_display_footer_widgets":"default","ocean_display_footer_bottom":"default","ocean_custom_footer_template":"0","footnotes":""},"class_list":["post-7085","page","type-page","status-publish","hentry","entry"],"yoast_head":"<!-- This site is optimized with the Yoast SEO plugin v24.6 - https:\/\/yoast.com\/wordpress\/plugins\/seo\/ -->\n<title>Le Club - Trail &amp; MACADAM<\/title>\n<meta name=\"robots\" content=\"index, follow, max-snippet:-1, max-image-preview:large, max-video-preview:-1\" \/>\n<link rel=\"canonical\" href=\"https:\/\/trailetmacadam.fr\/WP\/tm\/\" \/>\n<meta property=\"og:locale\" content=\"fr_FR\" \/>\n<meta property=\"og:type\" content=\"article\" \/>\n<meta property=\"og:title\" content=\"Le Club - Trail &amp; MACADAM\" \/>\n<meta property=\"og:description\" content=\"Le Club Nous sommes des passionn\u00e9s de course \u00e0 pied. Les routes et chemins des alentours sont nos terrains de jeu et d\u2019entrainement. Si vous partagez notre passion, nous vous accueillerons quelque soit votre niveau. Vous voulez reprendre une activit\u00e9 physique, progresser gr\u00e2ce \u00e0 l\u2019\u00e9mulation de groupe, vous \u00eates un comp\u00e9titeur, rejoignez nous ! Les [&hellip;]\" \/>\n<meta property=\"og:url\" content=\"https:\/\/trailetmacadam.fr\/WP\/tm\/\" \/>\n<meta property=\"og:site_name\" content=\"Trail &amp; MACADAM\" \/>\n<meta property=\"article:publisher\" content=\"https:\/\/www.facebook.com\/Trailetmacadam\" \/>\n<meta property=\"article:modified_time\" content=\"2021-07-24T09:34:37+00:00\" \/>\n<meta property=\"og:image\" content=\"https:\/\/trailetmacadam.fr\/WP\/wp-content\/uploads\/2020\/12\/cropped-121422995_2780530682214861_8353104025503333288_o-1024x768.jpg\" \/>\n<meta name=\"twitter:card\" content=\"summary_large_image\" \/>\n<meta name=\"twitter:label1\" content=\"Dur\u00e9e de lecture estim\u00e9e\" \/>\n\t<meta name=\"twitter:data1\" content=\"1 minute\" \/>\n<script type=\"application\/ld+json\" class=\"yoast-schema-graph\">{\"@context\":\"https:\/\/schema.org\",\"@graph\":[{\"@type\":\"WebPage\",\"@id\":\"https:\/\/trailetmacadam.fr\/WP\/tm\/\",\"url\":\"https:\/\/trailetmacadam.fr\/WP\/tm\/\",\"name\":\"Le Club - Trail &amp; MACADAM\",\"isPartOf\":{\"@id\":\"https:\/\/trailetmacadam.fr\/WP\/#website\"},\"primaryImageOfPage\":{\"@id\":\"https:\/\/trailetmacadam.fr\/WP\/tm\/#primaryimage\"},\"image\":{\"@id\":\"https:\/\/trailetmacadam.fr\/WP\/tm\/#primaryimage\"},\"thumbnailUrl\":\"https:\/\/trailetmacadam.fr\/WP\/wp-content\/uploads\/2020\/12\/cropped-121422995_2780530682214861_8353104025503333288_o-1024x768.jpg\",\"datePublished\":\"2021-07-24T09:33:43+00:00\",\"dateModified\":\"2021-07-24T09:34:37+00:00\",\"breadcrumb\":{\"@id\":\"https:\/\/trailetmacadam.fr\/WP\/tm\/#breadcrumb\"},\"inLanguage\":\"fr-FR\",\"potentialAction\":[{\"@type\":\"ReadAction\",\"target\":[\"https:\/\/trailetmacadam.fr\/WP\/tm\/\"]}]},{\"@type\":\"ImageObject\",\"inLanguage\":\"fr-FR\",\"@id\":\"https:\/\/trailetmacadam.fr\/WP\/tm\/#primaryimage\",\"url\":\"https:\/\/trailetmacadam.fr\/WP\/wp-content\/uploads\/2020\/12\/cropped-121422995_2780530682214861_8353104025503333288_o.jpg\",\"contentUrl\":\"https:\/\/trailetmacadam.fr\/WP\/wp-content\/uploads\/2020\/12\/cropped-121422995_2780530682214861_8353104025503333288_o.jpg\",\"width\":1984,\"height\":1488},{\"@type\":\"BreadcrumbList\",\"@id\":\"https:\/\/trailetmacadam.fr\/WP\/tm\/#breadcrumb\",\"itemListElement\":[{\"@type\":\"ListItem\",\"position\":1,\"name\":\"Accueil\",\"item\":\"https:\/\/trailetmacadam.fr\/WP\/\"},{\"@type\":\"ListItem\",\"position\":2,\"name\":\"Le Club\"}]},{\"@type\":\"WebSite\",\"@id\":\"https:\/\/trailetmacadam.fr\/WP\/#website\",\"url\":\"https:\/\/trailetmacadam.fr\/WP\/\",\"name\":\"Trail et MACADAM\",\"description\":\"La seule mauvaise course, c&#039;est celle que tu ne fais pas !\",\"publisher\":{\"@id\":\"https:\/\/trailetmacadam.fr\/WP\/#organization\"},\"potentialAction\":[{\"@type\":\"SearchAction\",\"target\":{\"@type\":\"EntryPoint\",\"urlTemplate\":\"https:\/\/trailetmacadam.fr\/WP\/?s={search_term_string}\"},\"query-input\":{\"@type\":\"PropertyValueSpecification\",\"valueRequired\":true,\"valueName\":\"search_term_string\"}}],\"inLanguage\":\"fr-FR\"},{\"@type\":\"Organization\",\"@id\":\"https:\/\/trailetmacadam.fr\/WP\/#organization\",\"name\":\"Trail & MACADAM\",\"url\":\"https:\/\/trailetmacadam.fr\/WP\/\",\"logo\":{\"@type\":\"ImageObject\",\"inLanguage\":\"fr-FR\",\"@id\":\"https:\/\/trailetmacadam.fr\/WP\/#\/schema\/logo\/image\/\",\"url\":\"https:\/\/trailetmacadam.fr\/WP\/wp-content\/uploads\/2020\/12\/cropped-telechargement-1.jpg\",\"contentUrl\":\"https:\/\/trailetmacadam.fr\/WP\/wp-content\/uploads\/2020\/12\/cropped-telechargement-1.jpg\",\"width\":225,\"height\":225,\"caption\":\"Trail & MACADAM\"},\"image\":{\"@id\":\"https:\/\/trailetmacadam.fr\/WP\/#\/schema\/logo\/image\/\"},\"sameAs\":[\"https:\/\/www.facebook.com\/Trailetmacadam\"]}]}<\/script>\n<!-- \/ Yoast SEO plugin. -->","yoast_head_json":{"title":"Le Club - Trail &amp; MACADAM","robots":{"index":"index","follow":"follow","max-snippet":"max-snippet:-1","max-image-preview":"max-image-preview:large","max-video-preview":"max-video-preview:-1"},"canonical":"https:\/\/trailetmacadam.fr\/WP\/tm\/","og_locale":"fr_FR","og_type":"article","og_title":"Le Club - Trail &amp; MACADAM","og_description":"Le Club Nous sommes des passionn\u00e9s de course \u00e0 pied. Les routes et chemins des alentours sont nos terrains de jeu et d\u2019entrainement. Si vous partagez notre passion, nous vous accueillerons quelque soit votre niveau. Vous voulez reprendre une activit\u00e9 physique, progresser gr\u00e2ce \u00e0 l\u2019\u00e9mulation de groupe, vous \u00eates un comp\u00e9titeur, rejoignez nous ! Les [&hellip;]","og_url":"https:\/\/trailetmacadam.fr\/WP\/tm\/","og_site_name":"Trail &amp; MACADAM","article_publisher":"https:\/\/www.facebook.com\/Trailetmacadam","article_modified_time":"2021-07-24T09:34:37+00:00","og_image":[{"url":"https:\/\/trailetmacadam.fr\/WP\/wp-content\/uploads\/2020\/12\/cropped-121422995_2780530682214861_8353104025503333288_o-1024x768.jpg","type":"","width":"","height":""}],"twitter_card":"summary_large_image","twitter_misc":{"Dur\u00e9e de lecture estim\u00e9e":"1 minute"},"schema":{"@context":"https:\/\/schema.org","@graph":[{"@type":"WebPage","@id":"https:\/\/trailetmacadam.fr\/WP\/tm\/","url":"https:\/\/trailetmacadam.fr\/WP\/tm\/","name":"Le Club - Trail &amp; MACADAM","isPartOf":{"@id":"https:\/\/trailetmacadam.fr\/WP\/#website"},"primaryImageOfPage":{"@id":"https:\/\/trailetmacadam.fr\/WP\/tm\/#primaryimage"},"image":{"@id":"https:\/\/trailetmacadam.fr\/WP\/tm\/#primaryimage"},"thumbnailUrl":"https:\/\/trailetmacadam.fr\/WP\/wp-content\/uploads\/2020\/12\/cropped-121422995_2780530682214861_8353104025503333288_o-1024x768.jpg","datePublished":"2021-07-24T09:33:43+00:00","dateModified":"2021-07-24T09:34:37+00:00","breadcrumb":{"@id":"https:\/\/trailetmacadam.fr\/WP\/tm\/#breadcrumb"},"inLanguage":"fr-FR","potentialAction":[{"@type":"ReadAction","target":["https:\/\/trailetmacadam.fr\/WP\/tm\/"]}]},{"@type":"ImageObject","inLanguage":"fr-FR","@id":"https:\/\/trailetmacadam.fr\/WP\/tm\/#primaryimage","url":"https:\/\/trailetmacadam.fr\/WP\/wp-content\/uploads\/2020\/12\/cropped-121422995_2780530682214861_8353104025503333288_o.jpg","contentUrl":"https:\/\/trailetmacadam.fr\/WP\/wp-content\/uploads\/2020\/12\/cropped-121422995_2780530682214861_8353104025503333288_o.jpg","width":1984,"height":1488},{"@type":"BreadcrumbList","@id":"https:\/\/trailetmacadam.fr\/WP\/tm\/#breadcrumb","itemListElement":[{"@type":"ListItem","position":1,"name":"Accueil","item":"https:\/\/trailetmacadam.fr\/WP\/"},{"@type":"ListItem","position":2,"name":"Le Club"}]},{"@type":"WebSite","@id":"https:\/\/trailetmacadam.fr\/WP\/#website","url":"https:\/\/trailetmacadam.fr\/WP\/","name":"Trail et MACADAM","description":"La seule mauvaise course, c&#039;est celle que tu ne fais pas !","publisher":{"@id":"https:\/\/trailetmacadam.fr\/WP\/#organization"},"potentialAction":[{"@type":"SearchAction","target":{"@type":"EntryPoint","urlTemplate":"https:\/\/trailetmacadam.fr\/WP\/?s={search_term_string}"},"query-input":{"@type":"PropertyValueSpecification","valueRequired":true,"valueName":"search_term_string"}}],"inLanguage":"fr-FR"},{"@type":"Organization","@id":"https:\/\/trailetmacadam.fr\/WP\/#organization","name":"Trail & MACADAM","url":"https:\/\/trailetmacadam.fr\/WP\/","logo":{"@type":"ImageObject","inLanguage":"fr-FR","@id":"https:\/\/trailetmacadam.fr\/WP\/#\/schema\/logo\/image\/","url":"https:\/\/trailetmacadam.fr\/WP\/wp-content\/uploads\/2020\/12\/cropped-telechargement-1.jpg","contentUrl":"https:\/\/trailetmacadam.fr\/WP\/wp-content\/uploads\/2020\/12\/cropped-telechargement-1.jpg","width":225,"height":225,"caption":"Trail & MACADAM"},"image":{"@id":"https:\/\/trailetmacadam.fr\/WP\/#\/schema\/logo\/image\/"},"sameAs":["https:\/\/www.facebook.com\/Trailetmacadam"]}]}},"_links":{"self":[{"href":"https:\/\/trailetmacadam.fr\/WP\/wp-json\/wp\/v2\/pages\/7085","targetHints":{"allow":["GET"]}}],"collection":[{"href":"https:\/\/trailetmacadam.fr\/WP\/wp-json\/wp\/v2\/pages"}],"about":[{"href":"https:\/\/trailetmacadam.fr\/WP\/wp-json\/wp\/v2\/types\/page"}],"author":[{"embeddable":true,"href":"https:\/\/trailetmacadam.fr\/WP\/wp-json\/wp\/v2\/users\/9"}],"replies":[{"embeddable":true,"href":"https:\/\/trailetmacadam.fr\/WP\/wp-json\/wp\/v2\/comments?post=7085"}],"version-history":[{"count":0,"href":"https:\/\/trailetmacadam.fr\/WP\/wp-json\/wp\/v2\/pages\/7085\/revisions"}],"wp:attachment":[{"href":"https:\/\/trailetmacadam.fr\/WP\/wp-json\/wp\/v2\/media?parent=7085"}],"curies":[{"name":"wp","href":"https:\/\/api.w.org\/{rel}","templated":true}]}}